{"id":11,"date":"2019-01-05T16:59:32","date_gmt":"2019-01-05T16:59:32","guid":{"rendered":"http:\/\/bv-toenisheide.de\/?page_id=11"},"modified":"2019-01-26T19:26:18","modified_gmt":"2019-01-26T19:26:18","slug":"startseite","status":"publish","type":"page","link":"https:\/\/bv-toenisheide.de\/BVToenisheide\/Start.html\/startseite\/","title":{"rendered":"B\u00fcrgerverein T\u00f6nisheide 1907 e.V."},"content":{"rendered":"\n<p>Hier finden Sie aktuelle Termine, Berichte von Veranstaltungen,\u00a0Fotos aus T\u00f6nisheide und Beitr\u00e4ge zur T\u00f6nisheider Geschichte. Diese Webseiten werden zur Zeit aktualisiert und an ein neues Format angepasst. In den kommenden Wochen werden regelm\u00e4ssig neue Inhalte zu finden sein.<br><\/p>\n\n\n\n<p>Vielen Dank f\u00fcr Ihre Geduld, besuchen Sie uns bald wieder :).<\/p>\n","protected":false},"excerpt":{"rendered":"<p>Hier finden Sie aktuelle Termine, Berichte von Veranstaltungen,\u00a0Fotos aus T\u00f6nisheide und Beitr\u00e4ge zur T\u00f6nisheider Geschichte. Diese Webseiten werden zur Zeit aktualisiert und an ein neues Format angepasst. In den kommenden Wochen werden regelm\u00e4ssig neue Inhalte zu finden sein. Vielen Dank f\u00fcr Ihre Geduld, besuchen Sie uns bald wieder :).<\/p>\n","protected":false},"author":1,"featured_media":0,"parent":0,"menu_order":0,"comment_status":"closed","ping_status":"closed","template":"","meta":{"jetpack_post_was_ever_published":false,"footnotes":""},"class_list":["post-11","page","type-page","status-publish","hentry"],"jetpack_sharing_enabled":true,"jetpack_shortlink":"https:\/\/wp.me\/PaAx8l-b","jetpack-related-posts":[{"id":27,"url":"https:\/\/bv-toenisheide.de\/BVToenisheide\/Start.html\/verein\/","url_meta":{"origin":11,"position":0},"title":"Verein &#038; Mitgliedschaft","author":"bvadmin63","date":"Januar 6, 2019","format":false,"excerpt":"\u00a0 \u00a0 \u00a0 \u00a0 Sind Sie an Ihrem Stadtteil T\u00f6nisheide interessiert? M\u00f6chten Sie f\u00fcr die B\u00fcrgerschaft t\u00e4tig werden ohne sich parteipolitisch zu binden?\u00a0 \u00a0 \u00a0 Dann werden Sie doch Mitglied im B\u00fcrgerverein T\u00f6nisheide 1907 e.V., denn der B\u00fcrgerverein vertritt die Interessen unseres Stadtteils und deshalb brauchen wir einen mitgliedsstarken Verein.\u2026","rel":"","context":"\u00c4hnlicher Beitrag","block_context":{"text":"\u00c4hnlicher Beitrag","link":""},"img":{"alt_text":"","src":"https:\/\/i0.wp.com\/bv-toenisheide.de\/wp-content\/uploads\/2025\/10\/bvlogoklein-244x300.jpg?resize=350%2C200&ssl=1","width":350,"height":200},"classes":[]},{"id":172,"url":"https:\/\/bv-toenisheide.de\/BVToenisheide\/Start.html\/stammtisch\/","url_meta":{"origin":11,"position":1},"title":"Stammtisch","author":"bvadmin63","date":"April 6, 2019","format":false,"excerpt":"Cafe Inside, W\u00fclfrather Stra\u00dfe Stammtisch des B\u00fcrgervereins T\u00f6nisheide *** Der Stammtisch findet zur Zeit nicht statt. *** ----------------------------------------------------------- Der monatlich stattfindende Stammtisch soll allen B\u00fcrgern, die ein Interesse an T\u00f6nisheide haben, die M\u00f6glichkeit geben, miteinander ins Gespr\u00e4ch zu kommen. Der B\u00fcrgerverein hat dabei stets ein offenes Ohr f\u00fcr W\u00fcnsche, Anregungen,\u2026","rel":"","context":"\u00c4hnlicher Beitrag","block_context":{"text":"\u00c4hnlicher Beitrag","link":""},"img":{"alt_text":"","src":"https:\/\/i0.wp.com\/bv-toenisheide.de\/wp-content\/uploads\/2019\/04\/classroom-300x224.jpg?resize=350%2C200","width":350,"height":200},"classes":[]},{"id":24,"url":"https:\/\/bv-toenisheide.de\/BVToenisheide\/Start.html\/impressum\/","url_meta":{"origin":11,"position":2},"title":"Impressum","author":"bvadmin63","date":"Januar 6, 2019","format":false,"excerpt":"f\u00fcr B\u00fcrgerverein T\u00f6nisheide 1907 e.V. Gem\u00e4\u00df \u00a7 28 BDSG widersprechen wir jeder kommerziellen Verwendung und Weitergabe unserer Daten. Verantwortungsbereich Das Impressum gilt nur f\u00fcr die Internetpr\u00e4senz unter den Adressen: http:\/\/www.bv-toenisheide.de und http:\/\/www.bv-t\u00f6nisheide.de Abgrenzung Die Web-Pr\u00e4senz ist Teil des WWW und dementsprechend mit fremden, sich jederzeit wandeln k\u00f6nnenden Web-Sites verkn\u00fcpft, die\u2026","rel":"","context":"\u00c4hnlicher Beitrag","block_context":{"text":"\u00c4hnlicher Beitrag","link":""},"img":{"alt_text":"","src":"","width":0,"height":0},"classes":[]},{"id":20,"url":"https:\/\/bv-toenisheide.de\/BVToenisheide\/Start.html\/datenschutzerklaerung\/","url_meta":{"origin":11,"position":3},"title":"Datenschutzerkl\u00e4rung","author":"bvadmin63","date":"Januar 5, 2019","format":false,"excerpt":"Die Adresse unserer Website ist: http:\/\/bv-toenisheide.de Datenschutzerkl\u00e4rung Diese Datenschutzerkl\u00e4rung kl\u00e4rt Sie \u00fcber die Art, den Umfang und Zweck der Verarbeitung von personenbezogenen Daten (nachfolgend kurz \u201eDaten\u201c) innerhalb unseres Onlineangebotes und der mit ihm verbundenen Webseiten, Funktionen und Inhalte sowie externen Onlinepr\u00e4senzen, wie z.B. unser Social Media Profile auf. (nachfolgend gemeinsam\u2026","rel":"","context":"\u00c4hnlicher Beitrag","block_context":{"text":"\u00c4hnlicher Beitrag","link":""},"img":{"alt_text":"","src":"","width":0,"height":0},"classes":[]},{"id":48,"url":"https:\/\/bv-toenisheide.de\/BVToenisheide\/Start.html\/termine\/","url_meta":{"origin":11,"position":4},"title":"Termine","author":"bvadmin63","date":"Januar 12, 2019","format":false,"excerpt":"2026 Termine der Vorstandssitzungen: \u00a0 \u00a0 am ersten Dienstag eines Monats um 19:30 Uhrim \u00a0evangelischen Gemeindehaus, Kuhlendahler Str. Termine 2026: \u00a0 Stammtisch zur Zeit findet kein Stammtisch statt Veranstaltungstermine 2026(die Liste wird regelm\u00e4\u00dfig aktualisiert) 07.Februar \u00a0 \u00a0 \u00a0 \u00a0 \u00a0 \"Winter-Angrillen\", ab 16:00 Uhr, \u00a0 \u00a0 \u00a0 \u00a0 \u00a0 \u00a0\u2026","rel":"","context":"\u00c4hnlicher Beitrag","block_context":{"text":"\u00c4hnlicher Beitrag","link":""},"img":{"alt_text":"","src":"https:\/\/i0.wp.com\/bv-toenisheide.de\/wp-content\/uploads\/2026\/02\/Screenshot_20260201_110156_Gallery-150x150.jpg?resize=350%2C200&ssl=1","width":350,"height":200},"classes":[]},{"id":264,"url":"https:\/\/bv-toenisheide.de\/BVToenisheide\/Start.html\/buergerfest\/","url_meta":{"origin":11,"position":5},"title":"B\u00fcrgerfest","author":"bvadmin63","date":"August 11, 2019","format":false,"excerpt":"B\u00fcrgerfest 2019 \u00a0 Samstag: \u00a0\u00a0ab 18:00 Uhr bis ca 22:00 Uhr auf dem Kirchplatz LIVE Musik mit JetSet\u00a0aus Neviges und DJ Andi am Mischpult \"Rudelsingen\" nach Einbruch der Dunkelheit !! Eintritt frei! F\u00fcr Verpflegung ist gesorgt: Getr\u00e4nke, Grillwurst, Kartoffelst\u00e4bchen !! Sonntag: \u00a0 ab 11:00 Uhr bis ca. 16:00 Uhr Kirchplatz\u2026","rel":"","context":"\u00c4hnlicher Beitrag","block_context":{"text":"\u00c4hnlicher Beitrag","link":""},"img":{"alt_text":"","src":"https:\/\/i0.wp.com\/bv-toenisheide.de\/wp-content\/uploads\/2019\/09\/Poster-B%C3%BCFe-2019_col-726x1024.jpg?resize=350%2C200","width":350,"height":200,"srcset":"https:\/\/i0.wp.com\/bv-toenisheide.de\/wp-content\/uploads\/2019\/09\/Poster-B%C3%BCFe-2019_col-726x1024.jpg?resize=350%2C200 1x, https:\/\/i0.wp.com\/bv-toenisheide.de\/wp-content\/uploads\/2019\/09\/Poster-B%C3%BCFe-2019_col-726x1024.jpg?resize=525%2C300 1.5x"},"classes":[]}],"_links":{"self":[{"href":"https:\/\/bv-toenisheide.de\/BVToenisheide\/Start.html\/wp-json\/wp\/v2\/pages\/11","targetHints":{"allow":["GET"]}}],"collection":[{"href":"https:\/\/bv-toenisheide.de\/BVToenisheide\/Start.html\/wp-json\/wp\/v2\/pages"}],"about":[{"href":"https:\/\/bv-toenisheide.de\/BVToenisheide\/Start.html\/wp-json\/wp\/v2\/types\/page"}],"author":[{"embeddable":true,"href":"https:\/\/bv-toenisheide.de\/BVToenisheide\/Start.html\/wp-json\/wp\/v2\/users\/1"}],"replies":[{"embeddable":true,"href":"https:\/\/bv-toenisheide.de\/BVToenisheide\/Start.html\/wp-json\/wp\/v2\/comments?post=11"}],"version-history":[{"count":8,"href":"https:\/\/bv-toenisheide.de\/BVToenisheide\/Start.html\/wp-json\/wp\/v2\/pages\/11\/revisions"}],"predecessor-version":[{"id":100,"href":"https:\/\/bv-toenisheide.de\/BVToenisheide\/Start.html\/wp-json\/wp\/v2\/pages\/11\/revisions\/100"}],"wp:attachment":[{"href":"https:\/\/bv-toenisheide.de\/BVToenisheide\/Start.html\/wp-json\/wp\/v2\/media?parent=11"}],"curies":[{"name":"wp","href":"https:\/\/api.w.org\/{rel}","templated":true}]}}