{"id":131,"date":"2019-03-12T13:00:50","date_gmt":"2019-03-12T13:00:50","guid":{"rendered":"http:\/\/bv-toenisheide.de\/?page_id=131"},"modified":"2026-03-18T14:27:28","modified_gmt":"2026-03-18T14:27:28","slug":"vorstand","status":"publish","type":"page","link":"https:\/\/bv-toenisheide.de\/BVToenisheide\/Start.html\/vorstand\/","title":{"rendered":"Vorstand \/ Kontakt"},"content":{"rendered":"\r\n<p>&nbsp;<\/p>\r\n<p><img data-recalc-dims=\"1\" loading=\"lazy\" decoding=\"async\" data-attachment-id=\"150\" data-permalink=\"https:\/\/bv-toenisheide.de\/BVToenisheide\/Start.html\/vorstand\/bvlogo_50kb\/\" data-orig-file=\"https:\/\/i0.wp.com\/bv-toenisheide.de\/wp-content\/uploads\/2019\/03\/bvlogo_50kb.jpg?fit=282%2C338&amp;ssl=1\" data-orig-size=\"282,338\" data-comments-opened=\"1\" data-image-meta=\"{&quot;aperture&quot;:&quot;0&quot;,&quot;credit&quot;:&quot;&quot;,&quot;camera&quot;:&quot;&quot;,&quot;caption&quot;:&quot;&quot;,&quot;created_timestamp&quot;:&quot;0&quot;,&quot;copyright&quot;:&quot;&quot;,&quot;focal_length&quot;:&quot;0&quot;,&quot;iso&quot;:&quot;0&quot;,&quot;shutter_speed&quot;:&quot;0&quot;,&quot;title&quot;:&quot;&quot;,&quot;orientation&quot;:&quot;1&quot;}\" data-image-title=\"bvlogo_50kb\" data-image-description=\"\" data-image-caption=\"\" data-large-file=\"https:\/\/i0.wp.com\/bv-toenisheide.de\/wp-content\/uploads\/2019\/03\/bvlogo_50kb.jpg?fit=282%2C338&amp;ssl=1\" class=\"alignnone size-medium wp-image-150\" src=\"https:\/\/i0.wp.com\/bv-toenisheide.de\/wp-content\/uploads\/2019\/03\/bvlogo_50kb-250x300.jpg?resize=250%2C300\" alt=\"\" width=\"250\" height=\"300\" srcset=\"https:\/\/i0.wp.com\/bv-toenisheide.de\/wp-content\/uploads\/2019\/03\/bvlogo_50kb.jpg?resize=250%2C300&amp;ssl=1 250w, https:\/\/i0.wp.com\/bv-toenisheide.de\/wp-content\/uploads\/2019\/03\/bvlogo_50kb.jpg?w=282&amp;ssl=1 282w\" sizes=\"auto, (max-width: 250px) 100vw, 250px\" \/><\/p>\r\n<h3>Der Vorstand des B\u00fcrgervereins T\u00f6nisheide 1907 e.V. stellt sich vor:<br \/><br \/><\/h3>\r\n\r\n\r\n\r\n<p><strong>Postanschrift:<\/strong><\/p>\r\n<p>B\u00fcrgerverein T\u00f6nisheide 1907 e.V.<br \/>Postfach 700107<br \/>42526 Velbert<br \/><br \/><\/p>\r\n\r\n\r\n\r\n<p><strong>1. Vorsitzende: <\/strong><\/p>\r\n<p>Franziska M\u00f6\u00dfler<\/p>\r\n<p>\r\n\r\n<\/p>\r\n<p><strong>2. Vorsitzende:<\/strong><\/p>\r\n<p>Heike Hegmanns<\/p>\r\n<p>\r\n\r\n<\/p>\r\n<p><strong>Gesch\u00e4ftsf\u00fchrer:<\/strong><\/p>\r\n<p>Herbert Leonhardt<\/p>\r\n<p>\r\n\r\n<\/p>\r\n<p><strong>Schatzmeister:<\/strong><\/p>\r\n<p>Tobias Jasinski<\/p>\r\n<p>\r\n\r\n<\/p>\r\n<p><strong>Beisitzer#innen:<\/strong><\/p>\r\n<p>Stefan Atzwanger<br \/>Stefan Gentemann<br \/>J\u00f6rg Hegmanns<br \/>Monika H\u00fclsiepen<br \/>Bernd Joppich<br \/>Frank Kauhaus<br \/>Yvonne Kneutgen<br \/>Jessica Moritz<br \/>Andrea R\u00f6ske<br \/>Mike Rossdeutscher<br \/>Ralf Seipenbusch<br \/><br \/><strong>\u00d6ffentlichkeitsarbeit \/ Webseite:<br \/><\/strong><br \/>Stefan Atzwanger<\/p>\r\n<p>\r\n\r\n<\/p>\r\n<p>\r\n\r\n<\/p>\r\n<p><strong>Bankverbindung:<\/strong><\/p>\r\n<p>\r\n\r\n<\/p>\r\n<p>Sparkasse HRV<br \/>IBAN: DE23334500000026117903 <br \/>BIC: WELADED1VEL<\/p>\r\n<p>\r\n\r\n<\/p>\r\n<p>&nbsp;<\/p>\r\n<p><\/p>","protected":false},"excerpt":{"rendered":"<p>&nbsp; Der Vorstand des B\u00fcrgervereins T\u00f6nisheide 1907 e.V. stellt sich vor: Postanschrift: B\u00fcrgerverein T\u00f6nisheide 1907 e.V.Postfach 70010742526 Velbert 1. Vorsitzende: Franziska M\u00f6\u00dfler 2. Vorsitzende: Heike Hegmanns Gesch\u00e4ftsf\u00fchrer: Herbert Leonhardt Schatzmeister: Tobias Jasinski Beisitzer#innen: Stefan AtzwangerStefan GentemannJ\u00f6rg HegmannsMonika H\u00fclsiepenBernd JoppichFrank KauhausYvonne KneutgenJessica MoritzAndrea R\u00f6skeMike RossdeutscherRalf Seipenbusch \u00d6ffentlichkeitsarbeit \/ Webseite:Stefan Atzwanger Bankverbindung: Sparkasse HRVIBAN: DE23334500000026117903 BIC: WELADED1VEL &hellip; <\/p>\n<p class=\"link-more\"><a href=\"https:\/\/bv-toenisheide.de\/BVToenisheide\/Start.html\/vorstand\/\" class=\"more-link\"><span class=\"screen-reader-text\">\u201eVorstand \/ Kontakt\u201c <\/span>weiterlesen<\/a><\/p>\n","protected":false},"author":1,"featured_media":0,"parent":0,"menu_order":0,"comment_status":"closed","ping_status":"closed","template":"","meta":{"footnotes":""},"class_list":["post-131","page","type-page","status-publish","hentry"],"jetpack_sharing_enabled":true,"jetpack_shortlink":"https:\/\/wp.me\/PaAx8l-27","jetpack-related-posts":[{"id":1225,"url":"https:\/\/bv-toenisheide.de\/BVToenisheide\/Start.html\/vorstandsaemter-im-buergerverein\/","url_meta":{"origin":131,"position":0},"title":"Vorstands\u00e4mter im B\u00fcrgerverein","author":"bvadmin63","date":"Februar 8, 2025","format":false,"excerpt":"T\u00e4tigkeitsbeschreibung der Vorstandsmitglieder des B\u00fcrgervereins T\u00f6nisheide 1907 e.V. Auszug aus der aktuellen BV-Vereinssatzung (2017): \u00a7 7 Der Vorstand\u00a0 Der Vorstand besteht aus dem Vorsitzenden und mindestens 7, h\u00f6chstens aber 15 von der Versammlung mit Stimmenmehrheit gew\u00e4hlten Personen. Er vertritt den Verein gerichtlich und au\u00dfergerichtlich. Je 2 Vorstandsmitglieder sind gemeinsam vertretungsberechtigt.\u00a0\u2026","rel":"","context":"\u00c4hnlicher Beitrag","block_context":{"text":"\u00c4hnlicher Beitrag","link":""},"img":{"alt_text":"","src":"","width":0,"height":0},"classes":[]},{"id":24,"url":"https:\/\/bv-toenisheide.de\/BVToenisheide\/Start.html\/impressum\/","url_meta":{"origin":131,"position":1},"title":"Impressum","author":"bvadmin63","date":"Januar 6, 2019","format":false,"excerpt":"f\u00fcr B\u00fcrgerverein T\u00f6nisheide 1907 e.V. Gem\u00e4\u00df \u00a7 28 BDSG widersprechen wir jeder kommerziellen Verwendung und Weitergabe unserer Daten. Verantwortungsbereich Das Impressum gilt nur f\u00fcr die Internetpr\u00e4senz unter den Adressen: http:\/\/www.bv-toenisheide.de und http:\/\/www.bv-t\u00f6nisheide.de Abgrenzung Die Web-Pr\u00e4senz ist Teil des WWW und dementsprechend mit fremden, sich jederzeit wandeln k\u00f6nnenden Web-Sites verkn\u00fcpft, die\u2026","rel":"","context":"\u00c4hnlicher Beitrag","block_context":{"text":"\u00c4hnlicher Beitrag","link":""},"img":{"alt_text":"","src":"","width":0,"height":0},"classes":[]},{"id":27,"url":"https:\/\/bv-toenisheide.de\/BVToenisheide\/Start.html\/verein\/","url_meta":{"origin":131,"position":2},"title":"Verein &#038; Mitgliedschaft","author":"bvadmin63","date":"Januar 6, 2019","format":false,"excerpt":"\u00a0 \u00a0 \u00a0 \u00a0 Sind Sie an Ihrem Stadtteil T\u00f6nisheide interessiert? M\u00f6chten Sie f\u00fcr die B\u00fcrgerschaft t\u00e4tig werden ohne sich parteipolitisch zu binden?\u00a0 \u00a0 \u00a0 Dann werden Sie doch Mitglied im B\u00fcrgerverein T\u00f6nisheide 1907 e.V., denn der B\u00fcrgerverein vertritt die Interessen unseres Stadtteils und deshalb brauchen wir einen mitgliedsstarken Verein.\u2026","rel":"","context":"\u00c4hnlicher Beitrag","block_context":{"text":"\u00c4hnlicher Beitrag","link":""},"img":{"alt_text":"","src":"https:\/\/i0.wp.com\/bv-toenisheide.de\/wp-content\/uploads\/2025\/10\/bvlogoklein-244x300.jpg?resize=350%2C200&ssl=1","width":350,"height":200},"classes":[]},{"id":11,"url":"https:\/\/bv-toenisheide.de\/BVToenisheide\/Start.html\/startseite\/","url_meta":{"origin":131,"position":3},"title":"B\u00fcrgerverein T\u00f6nisheide 1907 e.V.","author":"bvadmin63","date":"Januar 5, 2019","format":false,"excerpt":"Hier finden Sie aktuelle Termine, Berichte von Veranstaltungen,\u00a0Fotos aus T\u00f6nisheide und Beitr\u00e4ge zur T\u00f6nisheider Geschichte. Diese Webseiten werden zur Zeit aktualisiert und an ein neues Format angepasst. In den kommenden Wochen werden regelm\u00e4ssig neue Inhalte zu finden sein. Vielen Dank f\u00fcr Ihre Geduld, besuchen Sie uns bald wieder :).","rel":"","context":"\u00c4hnlicher Beitrag","block_context":{"text":"\u00c4hnlicher Beitrag","link":""},"img":{"alt_text":"","src":"","width":0,"height":0},"classes":[]},{"id":264,"url":"https:\/\/bv-toenisheide.de\/BVToenisheide\/Start.html\/buergerfest\/","url_meta":{"origin":131,"position":4},"title":"B\u00fcrgerfest","author":"bvadmin63","date":"August 11, 2019","format":false,"excerpt":"B\u00fcrgerfest 2019 \u00a0 Samstag: \u00a0\u00a0ab 18:00 Uhr bis ca 22:00 Uhr auf dem Kirchplatz LIVE Musik mit JetSet\u00a0aus Neviges und DJ Andi am Mischpult \"Rudelsingen\" nach Einbruch der Dunkelheit !! Eintritt frei! F\u00fcr Verpflegung ist gesorgt: Getr\u00e4nke, Grillwurst, Kartoffelst\u00e4bchen !! Sonntag: \u00a0 ab 11:00 Uhr bis ca. 16:00 Uhr Kirchplatz\u2026","rel":"","context":"\u00c4hnlicher Beitrag","block_context":{"text":"\u00c4hnlicher Beitrag","link":""},"img":{"alt_text":"","src":"https:\/\/i0.wp.com\/bv-toenisheide.de\/wp-content\/uploads\/2019\/09\/Poster-B%C3%BCFe-2019_col-726x1024.jpg?resize=350%2C200","width":350,"height":200,"srcset":"https:\/\/i0.wp.com\/bv-toenisheide.de\/wp-content\/uploads\/2019\/09\/Poster-B%C3%BCFe-2019_col-726x1024.jpg?resize=350%2C200 1x, https:\/\/i0.wp.com\/bv-toenisheide.de\/wp-content\/uploads\/2019\/09\/Poster-B%C3%BCFe-2019_col-726x1024.jpg?resize=525%2C300 1.5x"},"classes":[]},{"id":880,"url":"https:\/\/bv-toenisheide.de\/BVToenisheide\/Start.html\/toenisheide\/","url_meta":{"origin":131,"position":5},"title":"T\u00f6nisheide","author":"bvadmin63","date":"April 23, 2023","format":false,"excerpt":"\u00a0 T\u00f6nisheide ist ein Stadtteil der Stadt Velbert\u00a0 (Stadtbezirk Neviges) im Kreis Mettmann im Land Nordrhein-Westfalen in Deutschland. Wir empfehlen den ausf\u00fchrlichen Bericht zu T\u00f6nisheide auf: Wikipedia \"T\u00f6nisheide\" Links zu anderen T\u00f6nisheider Vereinen und Institutionen Lesezeichen \u00a0","rel":"","context":"\u00c4hnlicher Beitrag","block_context":{"text":"\u00c4hnlicher Beitrag","link":""},"img":{"alt_text":"","src":"","width":0,"height":0},"classes":[]}],"_links":{"self":[{"href":"https:\/\/bv-toenisheide.de\/BVToenisheide\/Start.html\/wp-json\/wp\/v2\/pages\/131","targetHints":{"allow":["GET"]}}],"collection":[{"href":"https:\/\/bv-toenisheide.de\/BVToenisheide\/Start.html\/wp-json\/wp\/v2\/pages"}],"about":[{"href":"https:\/\/bv-toenisheide.de\/BVToenisheide\/Start.html\/wp-json\/wp\/v2\/types\/page"}],"author":[{"embeddable":true,"href":"https:\/\/bv-toenisheide.de\/BVToenisheide\/Start.html\/wp-json\/wp\/v2\/users\/1"}],"replies":[{"embeddable":true,"href":"https:\/\/bv-toenisheide.de\/BVToenisheide\/Start.html\/wp-json\/wp\/v2\/comments?post=131"}],"version-history":[{"count":16,"href":"https:\/\/bv-toenisheide.de\/BVToenisheide\/Start.html\/wp-json\/wp\/v2\/pages\/131\/revisions"}],"predecessor-version":[{"id":1613,"href":"https:\/\/bv-toenisheide.de\/BVToenisheide\/Start.html\/wp-json\/wp\/v2\/pages\/131\/revisions\/1613"}],"wp:attachment":[{"href":"https:\/\/bv-toenisheide.de\/BVToenisheide\/Start.html\/wp-json\/wp\/v2\/media?parent=131"}],"curies":[{"name":"wp","href":"https:\/\/api.w.org\/{rel}","templated":true}]}}