{"id":135,"date":"2019-03-12T13:04:21","date_gmt":"2019-03-12T13:04:21","guid":{"rendered":"http:\/\/bv-toenisheide.de\/?page_id=135"},"modified":"2025-03-16T18:09:23","modified_gmt":"2025-03-16T18:09:23","slug":"lesezeichen","status":"publish","type":"page","link":"https:\/\/bv-toenisheide.de\/BVToenisheide\/Start.html\/lesezeichen\/","title":{"rendered":"Lesezeichen"},"content":{"rendered":"<p>&nbsp;<\/p>\n<p>&#8211;&gt; \u00a0<a href=\"http:\/\/toenisheide.me\">toenisheide.me<\/a>, die Navigationsseite f\u00fcr\u00b4s Dorf<\/p>\n<p>&nbsp;<\/p>\n<p><img data-recalc-dims=\"1\" loading=\"lazy\" decoding=\"async\" data-attachment-id=\"163\" data-permalink=\"https:\/\/bv-toenisheide.de\/BVToenisheide\/Start.html\/lesezeichen\/construc\/\" data-orig-file=\"https:\/\/i0.wp.com\/bv-toenisheide.de\/wp-content\/uploads\/2019\/03\/construc.gif?fit=125%2C39&amp;ssl=1\" data-orig-size=\"125,39\" data-comments-opened=\"1\" data-image-meta=\"{&quot;aperture&quot;:&quot;0&quot;,&quot;credit&quot;:&quot;&quot;,&quot;camera&quot;:&quot;&quot;,&quot;caption&quot;:&quot;&quot;,&quot;created_timestamp&quot;:&quot;0&quot;,&quot;copyright&quot;:&quot;&quot;,&quot;focal_length&quot;:&quot;0&quot;,&quot;iso&quot;:&quot;0&quot;,&quot;shutter_speed&quot;:&quot;0&quot;,&quot;title&quot;:&quot;&quot;,&quot;orientation&quot;:&quot;0&quot;}\" data-image-title=\"construc\" data-image-description=\"\" data-image-caption=\"\" data-large-file=\"https:\/\/i0.wp.com\/bv-toenisheide.de\/wp-content\/uploads\/2019\/03\/construc.gif?fit=125%2C39&amp;ssl=1\" class=\"alignnone size-full wp-image-163\" src=\"https:\/\/i0.wp.com\/bv-toenisheide.de\/wp-content\/uploads\/2019\/03\/construc.gif?resize=125%2C39\" alt=\"\" width=\"125\" height=\"39\" \/><\/p>\n","protected":false},"excerpt":{"rendered":"<p>&nbsp; &#8211;&gt; \u00a0toenisheide.me, die Navigationsseite f\u00fcr\u00b4s Dorf &nbsp;<\/p>\n","protected":false},"author":1,"featured_media":0,"parent":0,"menu_order":0,"comment_status":"closed","ping_status":"closed","template":"","meta":{"jetpack_post_was_ever_published":false,"footnotes":""},"class_list":["post-135","page","type-page","status-publish","hentry"],"jetpack_sharing_enabled":true,"jetpack_shortlink":"https:\/\/wp.me\/PaAx8l-2b","jetpack-related-posts":[{"id":880,"url":"https:\/\/bv-toenisheide.de\/BVToenisheide\/Start.html\/toenisheide\/","url_meta":{"origin":135,"position":0},"title":"T\u00f6nisheide","author":"bvadmin63","date":"April 23, 2023","format":false,"excerpt":"\u00a0 T\u00f6nisheide ist ein Stadtteil der Stadt Velbert\u00a0 (Stadtbezirk Neviges) im Kreis Mettmann im Land Nordrhein-Westfalen in Deutschland. Wir empfehlen den ausf\u00fchrlichen Bericht zu T\u00f6nisheide auf: Wikipedia \"T\u00f6nisheide\" Links zu anderen T\u00f6nisheider Vereinen und Institutionen Lesezeichen \u00a0","rel":"","context":"\u00c4hnlicher Beitrag","block_context":{"text":"\u00c4hnlicher Beitrag","link":""},"img":{"alt_text":"","src":"","width":0,"height":0},"classes":[]},{"id":1225,"url":"https:\/\/bv-toenisheide.de\/BVToenisheide\/Start.html\/vorstandsaemter-im-buergerverein\/","url_meta":{"origin":135,"position":1},"title":"Vorstands\u00e4mter im B\u00fcrgerverein","author":"bvadmin63","date":"Februar 8, 2025","format":false,"excerpt":"T\u00e4tigkeitsbeschreibung der Vorstandsmitglieder des B\u00fcrgervereins T\u00f6nisheide 1907 e.V. Auszug aus der aktuellen BV-Vereinssatzung (2017): \u00a7 7 Der Vorstand\u00a0 Der Vorstand besteht aus dem Vorsitzenden und mindestens 7, h\u00f6chstens aber 15 von der Versammlung mit Stimmenmehrheit gew\u00e4hlten Personen. Er vertritt den Verein gerichtlich und au\u00dfergerichtlich. Je 2 Vorstandsmitglieder sind gemeinsam vertretungsberechtigt.\u00a0\u2026","rel":"","context":"\u00c4hnlicher Beitrag","block_context":{"text":"\u00c4hnlicher Beitrag","link":""},"img":{"alt_text":"","src":"","width":0,"height":0},"classes":[]},{"id":24,"url":"https:\/\/bv-toenisheide.de\/BVToenisheide\/Start.html\/impressum\/","url_meta":{"origin":135,"position":2},"title":"Impressum","author":"bvadmin63","date":"Januar 6, 2019","format":false,"excerpt":"f\u00fcr B\u00fcrgerverein T\u00f6nisheide 1907 e.V. Gem\u00e4\u00df \u00a7 28 BDSG widersprechen wir jeder kommerziellen Verwendung und Weitergabe unserer Daten. Verantwortungsbereich Das Impressum gilt nur f\u00fcr die Internetpr\u00e4senz unter den Adressen: http:\/\/www.bv-toenisheide.de und http:\/\/www.bv-t\u00f6nisheide.de Abgrenzung Die Web-Pr\u00e4senz ist Teil des WWW und dementsprechend mit fremden, sich jederzeit wandeln k\u00f6nnenden Web-Sites verkn\u00fcpft, die\u2026","rel":"","context":"\u00c4hnlicher Beitrag","block_context":{"text":"\u00c4hnlicher Beitrag","link":""},"img":{"alt_text":"","src":"","width":0,"height":0},"classes":[]},{"id":20,"url":"https:\/\/bv-toenisheide.de\/BVToenisheide\/Start.html\/datenschutzerklaerung\/","url_meta":{"origin":135,"position":3},"title":"Datenschutzerkl\u00e4rung","author":"bvadmin63","date":"Januar 5, 2019","format":false,"excerpt":"Die Adresse unserer Website ist: http:\/\/bv-toenisheide.de Datenschutzerkl\u00e4rung Diese Datenschutzerkl\u00e4rung kl\u00e4rt Sie \u00fcber die Art, den Umfang und Zweck der Verarbeitung von personenbezogenen Daten (nachfolgend kurz \u201eDaten\u201c) innerhalb unseres Onlineangebotes und der mit ihm verbundenen Webseiten, Funktionen und Inhalte sowie externen Onlinepr\u00e4senzen, wie z.B. unser Social Media Profile auf. (nachfolgend gemeinsam\u2026","rel":"","context":"\u00c4hnlicher Beitrag","block_context":{"text":"\u00c4hnlicher Beitrag","link":""},"img":{"alt_text":"","src":"","width":0,"height":0},"classes":[]},{"id":27,"url":"https:\/\/bv-toenisheide.de\/BVToenisheide\/Start.html\/verein\/","url_meta":{"origin":135,"position":4},"title":"Verein &#038; Mitgliedschaft","author":"bvadmin63","date":"Januar 6, 2019","format":false,"excerpt":"\u00a0 \u00a0 \u00a0 \u00a0 Sind Sie an Ihrem Stadtteil T\u00f6nisheide interessiert? M\u00f6chten Sie f\u00fcr die B\u00fcrgerschaft t\u00e4tig werden ohne sich parteipolitisch zu binden?\u00a0 \u00a0 \u00a0 Dann werden Sie doch Mitglied im B\u00fcrgerverein T\u00f6nisheide 1907 e.V., denn der B\u00fcrgerverein vertritt die Interessen unseres Stadtteils und deshalb brauchen wir einen mitgliedsstarken Verein.\u2026","rel":"","context":"\u00c4hnlicher Beitrag","block_context":{"text":"\u00c4hnlicher Beitrag","link":""},"img":{"alt_text":"","src":"https:\/\/i0.wp.com\/bv-toenisheide.de\/wp-content\/uploads\/2025\/10\/bvlogoklein-244x300.jpg?resize=350%2C200&ssl=1","width":350,"height":200},"classes":[]},{"id":172,"url":"https:\/\/bv-toenisheide.de\/BVToenisheide\/Start.html\/stammtisch\/","url_meta":{"origin":135,"position":5},"title":"Stammtisch","author":"bvadmin63","date":"April 6, 2019","format":false,"excerpt":"Cafe Inside, W\u00fclfrather Stra\u00dfe Stammtisch des B\u00fcrgervereins T\u00f6nisheide *** Der Stammtisch findet zur Zeit nicht statt. *** ----------------------------------------------------------- Der monatlich stattfindende Stammtisch soll allen B\u00fcrgern, die ein Interesse an T\u00f6nisheide haben, die M\u00f6glichkeit geben, miteinander ins Gespr\u00e4ch zu kommen. Der B\u00fcrgerverein hat dabei stets ein offenes Ohr f\u00fcr W\u00fcnsche, Anregungen,\u2026","rel":"","context":"\u00c4hnlicher Beitrag","block_context":{"text":"\u00c4hnlicher Beitrag","link":""},"img":{"alt_text":"","src":"https:\/\/i0.wp.com\/bv-toenisheide.de\/wp-content\/uploads\/2019\/04\/classroom-300x224.jpg?resize=350%2C200","width":350,"height":200},"classes":[]}],"_links":{"self":[{"href":"https:\/\/bv-toenisheide.de\/BVToenisheide\/Start.html\/wp-json\/wp\/v2\/pages\/135","targetHints":{"allow":["GET"]}}],"collection":[{"href":"https:\/\/bv-toenisheide.de\/BVToenisheide\/Start.html\/wp-json\/wp\/v2\/pages"}],"about":[{"href":"https:\/\/bv-toenisheide.de\/BVToenisheide\/Start.html\/wp-json\/wp\/v2\/types\/page"}],"author":[{"embeddable":true,"href":"https:\/\/bv-toenisheide.de\/BVToenisheide\/Start.html\/wp-json\/wp\/v2\/users\/1"}],"replies":[{"embeddable":true,"href":"https:\/\/bv-toenisheide.de\/BVToenisheide\/Start.html\/wp-json\/wp\/v2\/comments?post=135"}],"version-history":[{"count":4,"href":"https:\/\/bv-toenisheide.de\/BVToenisheide\/Start.html\/wp-json\/wp\/v2\/pages\/135\/revisions"}],"predecessor-version":[{"id":1333,"href":"https:\/\/bv-toenisheide.de\/BVToenisheide\/Start.html\/wp-json\/wp\/v2\/pages\/135\/revisions\/1333"}],"wp:attachment":[{"href":"https:\/\/bv-toenisheide.de\/BVToenisheide\/Start.html\/wp-json\/wp\/v2\/media?parent=135"}],"curies":[{"name":"wp","href":"https:\/\/api.w.org\/{rel}","templated":true}]}}