{"id":1577,"date":"2026-02-23T13:25:29","date_gmt":"2026-02-23T13:25:29","guid":{"rendered":"https:\/\/bv-toenisheide.de\/BVToenisheide\/Start.html\/?page_id=1577"},"modified":"2026-02-23T13:25:29","modified_gmt":"2026-02-23T13:25:29","slug":"bankverbindung","status":"publish","type":"page","link":"https:\/\/bv-toenisheide.de\/BVToenisheide\/Start.html\/bankverbindung\/","title":{"rendered":"Bankverbindung"},"content":{"rendered":"<p><strong>Bankverbindung:<\/strong><\/p>\n<p>Sparkasse HRV<br \/>\nIBAN: \u00a0 DE23334500000026117903<br \/>\nBIC: \u00a0 \u00a0 \u00a0WELADED1VEL<\/p>\n<p><strong>PayPal<\/strong><\/p>\n<p class=\"p1\"><a href=\"http:\/\/paypal.com\/paypalme\/bvtoenisheide\">paypal.com\/paypalme\/bvtoenisheide<\/a><\/p>\n<p class=\"p1\"><a href=\"https:\/\/i0.wp.com\/bv-toenisheide.de\/wp-content\/uploads\/2026\/02\/f-paypal.jpg?ssl=1\"><img data-recalc-dims=\"1\" loading=\"lazy\" decoding=\"async\" data-attachment-id=\"1578\" data-permalink=\"https:\/\/bv-toenisheide.de\/BVToenisheide\/Start.html\/bankverbindung\/f-paypal\/\" data-orig-file=\"https:\/\/i0.wp.com\/bv-toenisheide.de\/wp-content\/uploads\/2026\/02\/f-paypal-e1771853038748.jpg?fit=1179%2C1730&amp;ssl=1\" data-orig-size=\"1179,1730\" data-comments-opened=\"0\" data-image-meta=\"{&quot;aperture&quot;:&quot;0&quot;,&quot;credit&quot;:&quot;&quot;,&quot;camera&quot;:&quot;&quot;,&quot;caption&quot;:&quot;&quot;,&quot;created_timestamp&quot;:&quot;0&quot;,&quot;copyright&quot;:&quot;&quot;,&quot;focal_length&quot;:&quot;0&quot;,&quot;iso&quot;:&quot;0&quot;,&quot;shutter_speed&quot;:&quot;0&quot;,&quot;title&quot;:&quot;&quot;,&quot;orientation&quot;:&quot;1&quot;}\" data-image-title=\"f-paypal\" data-image-description=\"\" data-image-caption=\"\" data-large-file=\"https:\/\/i0.wp.com\/bv-toenisheide.de\/wp-content\/uploads\/2026\/02\/f-paypal-e1771853038748.jpg?fit=525%2C770&amp;ssl=1\" class=\"alignleft wp-image-1578 size-medium\" src=\"https:\/\/i0.wp.com\/bv-toenisheide.de\/wp-content\/uploads\/2026\/02\/f-paypal-e1771853038748-204x300.jpg?resize=204%2C300&#038;ssl=1\" alt=\"\" width=\"204\" height=\"300\" srcset=\"https:\/\/i0.wp.com\/bv-toenisheide.de\/wp-content\/uploads\/2026\/02\/f-paypal-e1771853038748.jpg?resize=204%2C300&amp;ssl=1 204w, https:\/\/i0.wp.com\/bv-toenisheide.de\/wp-content\/uploads\/2026\/02\/f-paypal-e1771853038748.jpg?resize=698%2C1024&amp;ssl=1 698w, https:\/\/i0.wp.com\/bv-toenisheide.de\/wp-content\/uploads\/2026\/02\/f-paypal-e1771853038748.jpg?resize=768%2C1127&amp;ssl=1 768w, https:\/\/i0.wp.com\/bv-toenisheide.de\/wp-content\/uploads\/2026\/02\/f-paypal-e1771853038748.jpg?resize=1047%2C1536&amp;ssl=1 1047w, https:\/\/i0.wp.com\/bv-toenisheide.de\/wp-content\/uploads\/2026\/02\/f-paypal-e1771853038748.jpg?w=1179&amp;ssl=1 1179w\" sizes=\"auto, (max-width: 204px) 100vw, 204px\" \/><\/a><\/p>\n","protected":false},"excerpt":{"rendered":"<p>Bankverbindung: Sparkasse HRV IBAN: \u00a0 DE23334500000026117903 BIC: \u00a0 \u00a0 \u00a0WELADED1VEL PayPal paypal.com\/paypalme\/bvtoenisheide<\/p>\n","protected":false},"author":1,"featured_media":0,"parent":0,"menu_order":0,"comment_status":"closed","ping_status":"closed","template":"","meta":{"jetpack_post_was_ever_published":false,"footnotes":""},"class_list":["post-1577","page","type-page","status-publish","hentry"],"jetpack_sharing_enabled":true,"jetpack_shortlink":"https:\/\/wp.me\/PaAx8l-pr","jetpack-related-posts":[{"id":131,"url":"https:\/\/bv-toenisheide.de\/BVToenisheide\/Start.html\/vorstand\/","url_meta":{"origin":1577,"position":0},"title":"Vorstand \/ Kontakt","author":"bvadmin63","date":"M\u00e4rz 12, 2019","format":false,"excerpt":"\u00a0 Der Vorstand des B\u00fcrgervereins T\u00f6nisheide 1907 e.V. stellt sich vor: Postanschrift: B\u00fcrgerverein T\u00f6nisheide 1907 e.V.Postfach 70010742526 Velbert 1. Vorsitzende: Franziska M\u00f6\u00dfler 2. Vorsitzende: Heike Hegmanns Gesch\u00e4ftsf\u00fchrer: Herbert Leonhardt Schatzmeister: Tobias Jasinski Beisitzer#innen: Stefan AtzwangerStefan GentemannJ\u00f6rg HegmannsMonika H\u00fclsiepenBernd JoppichFrank KauhausYvonne KneutgenJessica MoritzAndrea R\u00f6skeMike RossdeutscherRalf Seipenbusch\u00d6ffentlichkeitsarbeit \/ Webseite:Stefan Atzwanger Bankverbindung: Sparkasse\u2026","rel":"","context":"\u00c4hnlicher Beitrag","block_context":{"text":"\u00c4hnlicher Beitrag","link":""},"img":{"alt_text":"","src":"https:\/\/i0.wp.com\/bv-toenisheide.de\/wp-content\/uploads\/2019\/03\/bvlogo_50kb-250x300.jpg?resize=350%2C200","width":350,"height":200},"classes":[]},{"id":24,"url":"https:\/\/bv-toenisheide.de\/BVToenisheide\/Start.html\/impressum\/","url_meta":{"origin":1577,"position":1},"title":"Impressum","author":"bvadmin63","date":"Januar 6, 2019","format":false,"excerpt":"f\u00fcr B\u00fcrgerverein T\u00f6nisheide 1907 e.V. Gem\u00e4\u00df \u00a7 28 BDSG widersprechen wir jeder kommerziellen Verwendung und Weitergabe unserer Daten. Verantwortungsbereich Das Impressum gilt nur f\u00fcr die Internetpr\u00e4senz unter den Adressen: http:\/\/www.bv-toenisheide.de und http:\/\/www.bv-t\u00f6nisheide.de Abgrenzung Die Web-Pr\u00e4senz ist Teil des WWW und dementsprechend mit fremden, sich jederzeit wandeln k\u00f6nnenden Web-Sites verkn\u00fcpft, die\u2026","rel":"","context":"\u00c4hnlicher Beitrag","block_context":{"text":"\u00c4hnlicher Beitrag","link":""},"img":{"alt_text":"","src":"","width":0,"height":0},"classes":[]},{"id":48,"url":"https:\/\/bv-toenisheide.de\/BVToenisheide\/Start.html\/termine\/","url_meta":{"origin":1577,"position":2},"title":"Termine","author":"bvadmin63","date":"Januar 12, 2019","format":false,"excerpt":"2026 Termine der Vorstandssitzungen: \u00a0 \u00a0 am ersten Dienstag eines Monats um 19:30 Uhrim \u00a0evangelischen Gemeindehaus, Kuhlendahler Str. Termine 2026: \u00a0 Stammtisch zur Zeit findet kein Stammtisch statt Veranstaltungstermine 2026(die Liste wird regelm\u00e4\u00dfig aktualisiert) 07.Februar \u00a0 \u00a0 \u00a0 \u00a0 \u00a0 \"Winter-Angrillen\", ab 16:00 Uhr, \u00a0 \u00a0 \u00a0 \u00a0 \u00a0 \u00a0\u2026","rel":"","context":"\u00c4hnlicher Beitrag","block_context":{"text":"\u00c4hnlicher Beitrag","link":""},"img":{"alt_text":"","src":"https:\/\/i0.wp.com\/bv-toenisheide.de\/wp-content\/uploads\/2026\/02\/Screenshot_20260201_110156_Gallery-150x150.jpg?resize=350%2C200&ssl=1","width":350,"height":200},"classes":[]},{"id":264,"url":"https:\/\/bv-toenisheide.de\/BVToenisheide\/Start.html\/buergerfest\/","url_meta":{"origin":1577,"position":3},"title":"B\u00fcrgerfest","author":"bvadmin63","date":"August 11, 2019","format":false,"excerpt":"B\u00fcrgerfest 2019 \u00a0 Samstag: \u00a0\u00a0ab 18:00 Uhr bis ca 22:00 Uhr auf dem Kirchplatz LIVE Musik mit JetSet\u00a0aus Neviges und DJ Andi am Mischpult \"Rudelsingen\" nach Einbruch der Dunkelheit !! Eintritt frei! F\u00fcr Verpflegung ist gesorgt: Getr\u00e4nke, Grillwurst, Kartoffelst\u00e4bchen !! Sonntag: \u00a0 ab 11:00 Uhr bis ca. 16:00 Uhr Kirchplatz\u2026","rel":"","context":"\u00c4hnlicher Beitrag","block_context":{"text":"\u00c4hnlicher Beitrag","link":""},"img":{"alt_text":"","src":"https:\/\/i0.wp.com\/bv-toenisheide.de\/wp-content\/uploads\/2019\/09\/Poster-B%C3%BCFe-2019_col-726x1024.jpg?resize=350%2C200","width":350,"height":200,"srcset":"https:\/\/i0.wp.com\/bv-toenisheide.de\/wp-content\/uploads\/2019\/09\/Poster-B%C3%BCFe-2019_col-726x1024.jpg?resize=350%2C200 1x, https:\/\/i0.wp.com\/bv-toenisheide.de\/wp-content\/uploads\/2019\/09\/Poster-B%C3%BCFe-2019_col-726x1024.jpg?resize=525%2C300 1.5x"},"classes":[]},{"id":940,"url":"https:\/\/bv-toenisheide.de\/BVToenisheide\/Start.html\/toenisheider-bote\/","url_meta":{"origin":1577,"position":4},"title":"T\u00f6nisheider Bote","author":"bvadmin63","date":"Dezember 21, 2023","format":false,"excerpt":"\u00a0 Hier finden Sie die aktuelle Ausgabe des \"T\u00f6nisheider Boten\" als Online-Lekt\u00fcre im PDF-Betrachter mit Fotos in geringerer Aufl\u00f6sungund weiter unten auf dieser Seite \u00a0als Download in voller Aufl\u00f6sung \u00a0(mit l\u00e4ngerer Ladezeit!). Viel Spa\u00df bei der Lekt\u00fcre! PDF Betrachter\u00a0 mit niedrigerer Aufl\u00f6sung der Fotos, Druckfunktion und Download-M\u00f6glichkeit in der oberen\u2026","rel":"","context":"\u00c4hnlicher Beitrag","block_context":{"text":"\u00c4hnlicher Beitrag","link":""},"img":{"alt_text":"","src":"","width":0,"height":0},"classes":[]},{"id":172,"url":"https:\/\/bv-toenisheide.de\/BVToenisheide\/Start.html\/stammtisch\/","url_meta":{"origin":1577,"position":5},"title":"Stammtisch","author":"bvadmin63","date":"April 6, 2019","format":false,"excerpt":"Cafe Inside, W\u00fclfrather Stra\u00dfe Stammtisch des B\u00fcrgervereins T\u00f6nisheide *** Der Stammtisch findet zur Zeit nicht statt. *** ----------------------------------------------------------- Der monatlich stattfindende Stammtisch soll allen B\u00fcrgern, die ein Interesse an T\u00f6nisheide haben, die M\u00f6glichkeit geben, miteinander ins Gespr\u00e4ch zu kommen. Der B\u00fcrgerverein hat dabei stets ein offenes Ohr f\u00fcr W\u00fcnsche, Anregungen,\u2026","rel":"","context":"\u00c4hnlicher Beitrag","block_context":{"text":"\u00c4hnlicher Beitrag","link":""},"img":{"alt_text":"","src":"https:\/\/i0.wp.com\/bv-toenisheide.de\/wp-content\/uploads\/2019\/04\/classroom-300x224.jpg?resize=350%2C200","width":350,"height":200},"classes":[]}],"_links":{"self":[{"href":"https:\/\/bv-toenisheide.de\/BVToenisheide\/Start.html\/wp-json\/wp\/v2\/pages\/1577","targetHints":{"allow":["GET"]}}],"collection":[{"href":"https:\/\/bv-toenisheide.de\/BVToenisheide\/Start.html\/wp-json\/wp\/v2\/pages"}],"about":[{"href":"https:\/\/bv-toenisheide.de\/BVToenisheide\/Start.html\/wp-json\/wp\/v2\/types\/page"}],"author":[{"embeddable":true,"href":"https:\/\/bv-toenisheide.de\/BVToenisheide\/Start.html\/wp-json\/wp\/v2\/users\/1"}],"replies":[{"embeddable":true,"href":"https:\/\/bv-toenisheide.de\/BVToenisheide\/Start.html\/wp-json\/wp\/v2\/comments?post=1577"}],"version-history":[{"count":1,"href":"https:\/\/bv-toenisheide.de\/BVToenisheide\/Start.html\/wp-json\/wp\/v2\/pages\/1577\/revisions"}],"predecessor-version":[{"id":1579,"href":"https:\/\/bv-toenisheide.de\/BVToenisheide\/Start.html\/wp-json\/wp\/v2\/pages\/1577\/revisions\/1579"}],"wp:attachment":[{"href":"https:\/\/bv-toenisheide.de\/BVToenisheide\/Start.html\/wp-json\/wp\/v2\/media?parent=1577"}],"curies":[{"name":"wp","href":"https:\/\/api.w.org\/{rel}","templated":true}]}}