{"id":172,"date":"2019-04-06T11:17:36","date_gmt":"2019-04-06T11:17:36","guid":{"rendered":"http:\/\/bv-toenisheide.de\/?page_id=172"},"modified":"2026-04-01T14:31:52","modified_gmt":"2026-04-01T14:31:52","slug":"stammtisch","status":"publish","type":"page","link":"https:\/\/bv-toenisheide.de\/BVToenisheide\/Start.html\/stammtisch\/","title":{"rendered":"Stammtisch"},"content":{"rendered":"<p><img data-recalc-dims=\"1\" loading=\"lazy\" decoding=\"async\" data-attachment-id=\"170\" data-permalink=\"https:\/\/bv-toenisheide.de\/BVToenisheide\/Start.html\/stammtisch\/classroom\/\" data-orig-file=\"https:\/\/i0.wp.com\/bv-toenisheide.de\/wp-content\/uploads\/2019\/04\/classroom.jpg?fit=960%2C716&amp;ssl=1\" data-orig-size=\"960,716\" data-comments-opened=\"1\" data-image-meta=\"{&quot;aperture&quot;:&quot;0&quot;,&quot;credit&quot;:&quot;&quot;,&quot;camera&quot;:&quot;&quot;,&quot;caption&quot;:&quot;&quot;,&quot;created_timestamp&quot;:&quot;0&quot;,&quot;copyright&quot;:&quot;&quot;,&quot;focal_length&quot;:&quot;0&quot;,&quot;iso&quot;:&quot;0&quot;,&quot;shutter_speed&quot;:&quot;0&quot;,&quot;title&quot;:&quot;&quot;,&quot;orientation&quot;:&quot;1&quot;}\" data-image-title=\"classroom\" data-image-description=\"\" data-image-caption=\"\" data-large-file=\"https:\/\/i0.wp.com\/bv-toenisheide.de\/wp-content\/uploads\/2019\/04\/classroom.jpg?fit=525%2C392&amp;ssl=1\" class=\"alignnone wp-image-170 size-medium\" src=\"https:\/\/i0.wp.com\/bv-toenisheide.de\/wp-content\/uploads\/2019\/04\/classroom-300x224.jpg?resize=300%2C224\" alt=\"\" width=\"300\" height=\"224\" srcset=\"https:\/\/i0.wp.com\/bv-toenisheide.de\/wp-content\/uploads\/2019\/04\/classroom.jpg?resize=300%2C224&amp;ssl=1 300w, https:\/\/i0.wp.com\/bv-toenisheide.de\/wp-content\/uploads\/2019\/04\/classroom.jpg?resize=768%2C573&amp;ssl=1 768w, https:\/\/i0.wp.com\/bv-toenisheide.de\/wp-content\/uploads\/2019\/04\/classroom.jpg?w=960&amp;ssl=1 960w\" sizes=\"auto, (max-width: 300px) 100vw, 300px\" \/><\/p>\n<p><strong>Cafe Inside, W\u00fclfrather Stra\u00dfe<\/strong><\/p>\n<p><b>Stammtisch des B\u00fcrgervereins T\u00f6nisheide<\/b><\/p>\n<p>*** Der Stammtisch findet zur Zeit nicht statt. ***<\/p>\n<p>&#8212;&#8212;&#8212;&#8212;&#8212;&#8212;&#8212;&#8212;&#8212;&#8212;&#8212;&#8212;&#8212;&#8212;&#8212;&#8212;&#8212;&#8212;&#8212;&#8211;<\/p>\n<p>Der monatlich stattfindende Stammtisch soll allen B\u00fcrgern, die ein Interesse an T\u00f6nisheide haben, die M\u00f6glichkeit geben, miteinander ins Gespr\u00e4ch zu kommen. Der B\u00fcrgerverein hat dabei stets ein offenes Ohr f\u00fcr W\u00fcnsche, Anregungen, aber auch f\u00fcr Fragen, die aus der B\u00fcrgerschaft benannt werden.<\/p>\n<p>Wir laden interessierte Mitglieder, aber auch G\u00e4ste zum Gedanken- und Meinungsaustausch ein. Eine Anmeldung ist nicht erforderlich.<span class=\"Apple-converted-space\">\u00a0Wir freuen uns \u00fcber Ideen, Meinungen und Anregungen zu unserem Ortsteil und auch alte Fotos und Erinnerungen aus T\u00f6nisheide.<\/span><\/p>\n<div class=\"page\" title=\"Page 1\">\n<div class=\"section\">\n<div class=\"layoutArea\">\n<div class=\"column\">\n<p>Er bietet eine sehr gute Gelegenheit wichtige Themen anzuregen oder aber auch sich bei Themen \u00fcber den aktuellen Stand der Dinge zu informieren, sei es zu geplanten Bauma\u00dfnahmen wie aktuell am Wimmersberg, der Ausbau der Glasfasertechnologie der Stadtwerke Velbert, Gespr\u00e4che zu den Infrastrukturen der neuen Gesamtschule auf T\u00f6nisheide u.v.m. &#8230; aber &#8230; es werden auch spannende Rechercheaufgaben gestellt, wo z.B. die ein oder andere Fotografie entstanden sein k\u00f6nnte \u2013 da gibt es noch immer \u201cungel\u00f6ste F\u00e4lle\u201d.<\/p>\n<p>Die Teilnahme ist kostenfrei und auch Anmeldungen sind nicht erforderlich.<\/p>\n<p>Haben Sie noch Fragen?<br \/>\nDann setzen Sie sich doch gerne mit uns in Verbindung.<\/p>\n<\/div>\n<\/div>\n<\/div>\n<\/div>\n","protected":false},"excerpt":{"rendered":"<p>Cafe Inside, W\u00fclfrather Stra\u00dfe Stammtisch des B\u00fcrgervereins T\u00f6nisheide *** Der Stammtisch findet zur Zeit nicht statt. *** &#8212;&#8212;&#8212;&#8212;&#8212;&#8212;&#8212;&#8212;&#8212;&#8212;&#8212;&#8212;&#8212;&#8212;&#8212;&#8212;&#8212;&#8212;&#8212;&#8211; Der monatlich stattfindende Stammtisch soll allen B\u00fcrgern, die ein Interesse an T\u00f6nisheide haben, die M\u00f6glichkeit geben, miteinander ins Gespr\u00e4ch zu kommen. Der B\u00fcrgerverein hat dabei stets ein offenes Ohr f\u00fcr W\u00fcnsche, Anregungen, aber auch f\u00fcr Fragen, die &hellip; <\/p>\n<p class=\"link-more\"><a href=\"https:\/\/bv-toenisheide.de\/BVToenisheide\/Start.html\/stammtisch\/\" class=\"more-link\"><span class=\"screen-reader-text\">\u201eStammtisch\u201c <\/span>weiterlesen<\/a><\/p>\n","protected":false},"author":1,"featured_media":0,"parent":0,"menu_order":0,"comment_status":"closed","ping_status":"closed","template":"","meta":{"footnotes":""},"class_list":["post-172","page","type-page","status-publish","hentry"],"jetpack_sharing_enabled":true,"jetpack_shortlink":"https:\/\/wp.me\/PaAx8l-2M","jetpack-related-posts":[{"id":27,"url":"https:\/\/bv-toenisheide.de\/BVToenisheide\/Start.html\/verein\/","url_meta":{"origin":172,"position":0},"title":"Verein &#038; Mitgliedschaft","author":"bvadmin63","date":"Januar 6, 2019","format":false,"excerpt":"\u00a0 \u00a0 \u00a0 \u00a0 Sind Sie an Ihrem Stadtteil T\u00f6nisheide interessiert? M\u00f6chten Sie f\u00fcr die B\u00fcrgerschaft t\u00e4tig werden ohne sich parteipolitisch zu binden?\u00a0 \u00a0 \u00a0 Dann werden Sie doch Mitglied im B\u00fcrgerverein T\u00f6nisheide 1907 e.V., denn der B\u00fcrgerverein vertritt die Interessen unseres Stadtteils und deshalb brauchen wir einen mitgliedsstarken Verein.\u2026","rel":"","context":"\u00c4hnlicher Beitrag","block_context":{"text":"\u00c4hnlicher Beitrag","link":""},"img":{"alt_text":"","src":"https:\/\/i0.wp.com\/bv-toenisheide.de\/wp-content\/uploads\/2025\/10\/bvlogoklein-244x300.jpg?resize=350%2C200&ssl=1","width":350,"height":200},"classes":[]},{"id":264,"url":"https:\/\/bv-toenisheide.de\/BVToenisheide\/Start.html\/buergerfest\/","url_meta":{"origin":172,"position":1},"title":"B\u00fcrgerfest","author":"bvadmin63","date":"August 11, 2019","format":false,"excerpt":"B\u00fcrgerfest 2019 \u00a0 Samstag: \u00a0\u00a0ab 18:00 Uhr bis ca 22:00 Uhr auf dem Kirchplatz LIVE Musik mit JetSet\u00a0aus Neviges und DJ Andi am Mischpult \"Rudelsingen\" nach Einbruch der Dunkelheit !! Eintritt frei! F\u00fcr Verpflegung ist gesorgt: Getr\u00e4nke, Grillwurst, Kartoffelst\u00e4bchen !! Sonntag: \u00a0 ab 11:00 Uhr bis ca. 16:00 Uhr Kirchplatz\u2026","rel":"","context":"\u00c4hnlicher Beitrag","block_context":{"text":"\u00c4hnlicher Beitrag","link":""},"img":{"alt_text":"","src":"https:\/\/i0.wp.com\/bv-toenisheide.de\/wp-content\/uploads\/2019\/09\/Poster-B%C3%BCFe-2019_col-726x1024.jpg?resize=350%2C200","width":350,"height":200,"srcset":"https:\/\/i0.wp.com\/bv-toenisheide.de\/wp-content\/uploads\/2019\/09\/Poster-B%C3%BCFe-2019_col-726x1024.jpg?resize=350%2C200 1x, https:\/\/i0.wp.com\/bv-toenisheide.de\/wp-content\/uploads\/2019\/09\/Poster-B%C3%BCFe-2019_col-726x1024.jpg?resize=525%2C300 1.5x"},"classes":[]},{"id":24,"url":"https:\/\/bv-toenisheide.de\/BVToenisheide\/Start.html\/impressum\/","url_meta":{"origin":172,"position":2},"title":"Impressum","author":"bvadmin63","date":"Januar 6, 2019","format":false,"excerpt":"f\u00fcr B\u00fcrgerverein T\u00f6nisheide 1907 e.V. Gem\u00e4\u00df \u00a7 28 BDSG widersprechen wir jeder kommerziellen Verwendung und Weitergabe unserer Daten. Verantwortungsbereich Das Impressum gilt nur f\u00fcr die Internetpr\u00e4senz unter den Adressen: http:\/\/www.bv-toenisheide.de und http:\/\/www.bv-t\u00f6nisheide.de Abgrenzung Die Web-Pr\u00e4senz ist Teil des WWW und dementsprechend mit fremden, sich jederzeit wandeln k\u00f6nnenden Web-Sites verkn\u00fcpft, die\u2026","rel":"","context":"\u00c4hnlicher Beitrag","block_context":{"text":"\u00c4hnlicher Beitrag","link":""},"img":{"alt_text":"","src":"","width":0,"height":0},"classes":[]},{"id":48,"url":"https:\/\/bv-toenisheide.de\/BVToenisheide\/Start.html\/termine\/","url_meta":{"origin":172,"position":3},"title":"Termine","author":"bvadmin63","date":"Januar 12, 2019","format":false,"excerpt":"2026 Termine der Vorstandssitzungen: \u00a0 \u00a0 am ersten Dienstag eines Monats um 19:30 Uhrim \u00a0evangelischen Gemeindehaus, Kuhlendahler Str. Termine 2026: \u00a0 Stammtisch zur Zeit findet kein Stammtisch statt Veranstaltungstermine 2026(die Liste wird regelm\u00e4\u00dfig aktualisiert) 07.Februar \u00a0 \u00a0 \u00a0 \u00a0 \u00a0 \"Winter-Angrillen\", ab 16:00 Uhr, \u00a0 \u00a0 \u00a0 \u00a0 \u00a0 \u00a0\u2026","rel":"","context":"\u00c4hnlicher Beitrag","block_context":{"text":"\u00c4hnlicher Beitrag","link":""},"img":{"alt_text":"","src":"https:\/\/i0.wp.com\/bv-toenisheide.de\/wp-content\/uploads\/2026\/02\/Screenshot_20260201_110156_Gallery-150x150.jpg?resize=350%2C200&ssl=1","width":350,"height":200},"classes":[]},{"id":20,"url":"https:\/\/bv-toenisheide.de\/BVToenisheide\/Start.html\/datenschutzerklaerung\/","url_meta":{"origin":172,"position":4},"title":"Datenschutzerkl\u00e4rung","author":"bvadmin63","date":"Januar 5, 2019","format":false,"excerpt":"Die Adresse unserer Website ist: http:\/\/bv-toenisheide.de Datenschutzerkl\u00e4rung Diese Datenschutzerkl\u00e4rung kl\u00e4rt Sie \u00fcber die Art, den Umfang und Zweck der Verarbeitung von personenbezogenen Daten (nachfolgend kurz \u201eDaten\u201c) innerhalb unseres Onlineangebotes und der mit ihm verbundenen Webseiten, Funktionen und Inhalte sowie externen Onlinepr\u00e4senzen, wie z.B. unser Social Media Profile auf. (nachfolgend gemeinsam\u2026","rel":"","context":"\u00c4hnlicher Beitrag","block_context":{"text":"\u00c4hnlicher Beitrag","link":""},"img":{"alt_text":"","src":"","width":0,"height":0},"classes":[]},{"id":1225,"url":"https:\/\/bv-toenisheide.de\/BVToenisheide\/Start.html\/vorstandsaemter-im-buergerverein\/","url_meta":{"origin":172,"position":5},"title":"Vorstands\u00e4mter im B\u00fcrgerverein","author":"bvadmin63","date":"Februar 8, 2025","format":false,"excerpt":"T\u00e4tigkeitsbeschreibung der Vorstandsmitglieder des B\u00fcrgervereins T\u00f6nisheide 1907 e.V. Auszug aus der aktuellen BV-Vereinssatzung (2017): \u00a7 7 Der Vorstand\u00a0 Der Vorstand besteht aus dem Vorsitzenden und mindestens 7, h\u00f6chstens aber 15 von der Versammlung mit Stimmenmehrheit gew\u00e4hlten Personen. Er vertritt den Verein gerichtlich und au\u00dfergerichtlich. Je 2 Vorstandsmitglieder sind gemeinsam vertretungsberechtigt.\u00a0\u2026","rel":"","context":"\u00c4hnlicher Beitrag","block_context":{"text":"\u00c4hnlicher Beitrag","link":""},"img":{"alt_text":"","src":"","width":0,"height":0},"classes":[]}],"_links":{"self":[{"href":"https:\/\/bv-toenisheide.de\/BVToenisheide\/Start.html\/wp-json\/wp\/v2\/pages\/172","targetHints":{"allow":["GET"]}}],"collection":[{"href":"https:\/\/bv-toenisheide.de\/BVToenisheide\/Start.html\/wp-json\/wp\/v2\/pages"}],"about":[{"href":"https:\/\/bv-toenisheide.de\/BVToenisheide\/Start.html\/wp-json\/wp\/v2\/types\/page"}],"author":[{"embeddable":true,"href":"https:\/\/bv-toenisheide.de\/BVToenisheide\/Start.html\/wp-json\/wp\/v2\/users\/1"}],"replies":[{"embeddable":true,"href":"https:\/\/bv-toenisheide.de\/BVToenisheide\/Start.html\/wp-json\/wp\/v2\/comments?post=172"}],"version-history":[{"count":19,"href":"https:\/\/bv-toenisheide.de\/BVToenisheide\/Start.html\/wp-json\/wp\/v2\/pages\/172\/revisions"}],"predecessor-version":[{"id":1645,"href":"https:\/\/bv-toenisheide.de\/BVToenisheide\/Start.html\/wp-json\/wp\/v2\/pages\/172\/revisions\/1645"}],"wp:attachment":[{"href":"https:\/\/bv-toenisheide.de\/BVToenisheide\/Start.html\/wp-json\/wp\/v2\/media?parent=172"}],"curies":[{"name":"wp","href":"https:\/\/api.w.org\/{rel}","templated":true}]}}