{"id":24,"date":"2019-01-06T11:16:54","date_gmt":"2019-01-06T11:16:54","guid":{"rendered":"http:\/\/bv-toenisheide.de\/?page_id=24"},"modified":"2025-03-14T15:15:30","modified_gmt":"2025-03-14T15:15:30","slug":"impressum","status":"publish","type":"page","link":"https:\/\/bv-toenisheide.de\/BVToenisheide\/Start.html\/impressum\/","title":{"rendered":"Impressum"},"content":{"rendered":"\r\n<p><strong>f\u00fcr<\/strong><\/p>\r\n<p>B\u00fcrgerverein T\u00f6nisheide 1907 e.V.<\/p>\r\n<p>\r\n\r\n<\/p>\r\n<p>Gem\u00e4\u00df \u00a7 28 BDSG widersprechen wir jeder kommerziellen Verwendung und Weitergabe unserer Daten.<\/p>\r\n<p>\r\n\r\n<\/p>\r\n<p><strong>Verantwortungsbereich<\/strong><\/p>\r\n<p>Das Impressum gilt nur f\u00fcr die Internetpr\u00e4senz unter den Adressen: <a href=\"http:\/\/www.bv-toenisheide.de\">http:\/\/www.bv-toenisheide.de<\/a> und <a href=\"http:\/\/www.bv-t\">http:\/\/www.bv-t<\/a>\u00f6nisheide.de<\/p>\r\n<p>\r\n\r\n<\/p>\r\n<p><strong>Abgrenzung<\/strong><\/p>\r\n<p>Die Web-Pr\u00e4senz ist Teil des WWW und dementsprechend mit fremden, sich jederzeit wandeln k\u00f6nnenden Web-Sites verkn\u00fcpft, die folglich auch nicht diesem Verantwortungsbereich unterliegen und f\u00fcr die nachfolgende Informationen nicht gelten. Dass die Links weder gegen Sitten noch Gesetze versto\u00dfen, wurde genau ein mal gepr\u00fcft: bevor sie hier aufgenommen wurden. Solche Links, die zu fremden Webprojekten f\u00fchren, erkennen Sie daran: Es geht bei Links auf fremde Webseiten ein neues Browserfenster auf.<\/p>\r\n<p>\r\n\r\n<\/p>\r\n<p><strong>Diensteanbieter<\/strong><\/p>\r\n<p>B\u00fcrgerverein T\u00f6nisheide 1907 e.V.<br \/>Registiert unter: Amtsgericht Velbert, Vereinsregister Nr. 544<br \/>Bankverbindung: Sparkasse HRV, BLZ 33450000, Kto 26117903<\/p>\r\n<p>\r\n\r\n<\/p>\r\n<p>Vorstand des BV-T\u00f6nisheide, Verantwortliche Ansprechpersonen:<br \/>1.te Vorsitzende: \u00a0Franziska M\u00f6\u00dfler<br \/>2.te Vorsitzende: Heike Hegmanns<br \/>Gesch\u00e4ftsf\u00fchrer: Herbert Leonhardt<br \/>Kassierer: Tobias Jasinski<\/p>\r\n<p>Anschrift: Kirchstr. 88, 42553 Velbert<br \/>elektronische Postadresse: <a href=\"mailto:admin@bv-toenisheide.de\">admin@bv-toenisheide.de<\/a><br \/>Schnelle elektronische und unmittelbare Kommunikation:<br \/>Tel.: 02053 &#8211; 4254217\u202c<\/p>\r\n<p>\r\n\r\n<\/p>\r\n<p>Journalistisch-redaktionelle Verantwortung und Admin C:<br \/>Stefan Atzwanger, Nevigeser Str.289, 42553 Velbert<br \/><a href=\"mailto:stefanatzwanger@bv-toenisheide.de\">stefanatzwanger@bv-toenisheide.de<\/a><\/p>\r\n<p>\r\n\r\n<\/p>\r\n<p><strong>Zweck dieses Webprojektes<\/strong><\/p>\r\n<p>Informationen \u00fcber den B\u00fcrgerverein, Veranstaltungskalender<\/p>\r\n<p>\r\n\r\n<\/p>\r\n<p><strong>Datenschutz<\/strong><\/p>\r\n<p>Personenbezogene Daten werden nur mit Ihrem Wissen und Ihrer Einwilligung erhoben. Auf Antrag erhalten Sie unentgeltlich Auskunft zu den \u00fcber Sie gespeicherten personenbezogenen Daten. Wenden Sie sich dazu bitte an: <a href=\"mailto:admin@bv-toenisheide.de\">admin@bv-toenisheide.de<\/a><\/p>\r\n<p>\r\n\r\n<\/p>\r\n<p>Schutzrechtsverletzung:<br \/>Falls Sie vermuten, dass von dieser Website aus eines Ihrer Schutzrechte verletzt wird, teilen Sie das bitte umgehend per elektronischer Post mit, damit z\u00fcgig Abhilfe geschafft werden kann. Bitte nehmen Sie zur Kenntnis: Die zeitaufw\u00e4ndigere Einschaltung eines Anwaltes zur f\u00fcr den Diensteanbieter kostenpflichtigen Abmahnung entspricht nicht dessen wirklichen oder mutma\u00dflichen Willen.<\/p>\r\n<p>\r\n\r\n<\/p>\r\n<p><strong>Haftungsausschluss<\/strong><\/p>\r\n<p>\r\n\r\n<\/p>\r\n<p>1. Inhalt des Onlineangebotes<\/p>\r\n<p>\r\n\r\n<\/p>\r\n<p>Der Buergerverein T\u00f6nisheide \u00fcbernimmt keinerlei Gew\u00e4hr f\u00fcr die Aktualit\u00e4t, Korrektheit, Vollst\u00e4ndigkeit oder Qualit\u00e4t der bereitgestellten Informationen. Haftungsanspr\u00fcche gegen den Autor, welche sich auf Sch\u00e4den materieller oder ideeller Art beziehen, die durch die Nutzung oder Nichtnutzung der dargebotenen Informationen bzw. durch die Nutzung fehlerhafter und unvollst\u00e4ndiger Informationen verursacht wurden, sind grunds\u00e4tzlich ausgeschlossen, sofern seitens des Autors kein nachweislich vors\u00e4tzliches oder grob fahrl\u00e4ssiges Verschulden vorliegt.<\/p>\r\n<p>\r\n\r\n<\/p>\r\n<p>Alle Angebote sind freibleibend und unverbindlich. Der Autor beh\u00e4lt es sich ausdr\u00fccklich vor, Teile der Seiten oder das gesamte Angebot ohne gesonderte Ank\u00fcndigung zu ver\u00e4ndern, zu erg\u00e4nzen, zu l\u00f6schen oder die Ver\u00f6ffentlichung zeitweise oder endg\u00fcltig einzustellen.<\/p>\r\n<p>\r\n\r\n<\/p>\r\n<p>2. Verweise und Links<\/p>\r\n<p>\r\n\r\n<\/p>\r\n<p>Bei direkten oder indirekten Verweisen auf fremde Webseiten (&#8222;Hyperlinks&#8220;), die au\u00dferhalb des Verantwortungsbereiches des Autors liegen, w\u00fcrde eine Haftungsverpflichtung ausschlie\u00dflich in dem Fall in Kraft treten, in dem der Autor von den Inhalten Kenntnis hat und es ihm technisch m\u00f6glich und zumutbar w\u00e4re, die Nutzung im Falle rechtswidriger Inhalte zu verhindern.<\/p>\r\n<p>\r\n\r\n<\/p>\r\n<p>Der Buergerverein T\u00f6nisheide erkl\u00e4rt hiermit ausdr\u00fccklich, dass zum Zeitpunkt der Linksetzung keine illegalen Inhalte auf den zu verlinkenden Seiten erkennbar waren. Auf die aktuelle und zuk\u00fcnftige Gestaltung, die Inhalte oder die Urheberschaft der gelinkten\/verkn\u00fcpften Seiten hat der Autor keinerlei Einfluss. Deshalb distanziert er sich hiermit ausdr\u00fccklich von allen Inhalten aller gelinkten \/verkn\u00fcpften Seiten, die nach der Linksetzung ver\u00e4ndert wurden. Diese Feststellung gilt f\u00fcr alle innerhalb des eigenen Internetangebotes gesetzten Links und Verweise sowie f\u00fcr Fremdeintr\u00e4ge in vom Autor eingerichteten G\u00e4steb\u00fcchern, Diskussionsforen und Mailinglisten. F\u00fcr illegale, fehlerhafte oder unvollst\u00e4ndige Inhalte und insbesondere f\u00fcr Sch\u00e4den, die aus der Nutzung oder Nichtnutzung solcherart dargebotener Informationen entstehen, haftet allein der Anbieter der Seite, auf welche verwiesen wurde, nicht derjenige, der \u00fcber Links auf die jeweilige Ver\u00f6ffentlichung lediglich verweist.<\/p>\r\n<p>\r\n\r\n<\/p>\r\n<p>3. Urheber- und Kennzeichenrecht<\/p>\r\n<p>\r\n\r\n<\/p>\r\n<p>Der Buergerverein ist bestrebt, in allen Publikationen die Urheberrechte der verwendeten Grafiken, Tondokumente, Videosequenzen und Texte zu beachten, von ihm selbst erstellte Grafiken, Tondokumente, Videosequenzen und Texte zu nutzen oder auf lizenzfreie Grafiken, Tondokumente, Videosequenzen und Texte zur\u00fcckzugreifen.<\/p>\r\n<p>\r\n\r\n<\/p>\r\n<p>Alle innerhalb des Internetangebotes genannten und ggf. durch Dritte gesch\u00fctzten Marken- und Warenzeichen unterliegen uneingeschr\u00e4nkt den Bestimmungen des jeweils g\u00fcltigenKennzeichenrechts und den Besitzrechten der jeweiligen eingetragenen Eigent\u00fcmer. Allein aufgrund der blo\u00dfen Nennung ist nicht der Schluss zu ziehen, dass Markenzeichen nicht durch Rechte Dritter gesch\u00fctzt sind!<\/p>\r\n<p>\r\n\r\n<\/p>\r\n<p>Das Copyright f\u00fcr ver\u00f6ffentlichte, vom Autor selbst erstellte Objekte bleibt allein beim Autor der Seiten. Eine Vervielf\u00e4ltigung oder Verwendung solcher Grafiken, Tondokumente, Videosequenzen und Texte in anderen elektronischen oder gedruckten Publikationen ist ohne ausdr\u00fcckliche Zustimmung des Autors nicht gestattet.<\/p>\r\n<p>\r\n\r\n<\/p>\r\n<p>4. Datenschutz<\/p>\r\n<p>\r\n\r\n<\/p>\r\n<p>Sofern innerhalb des Internetangebotes die M\u00f6glichkeit zur Eingabe pers\u00f6nlicher oder gesch\u00e4ftlicher Daten (Emailadressen, Namen, Anschriften) besteht, so erfolgt die Preisgabe dieser Daten seitens des Nutzers auf ausdr\u00fccklich freiwilliger Basis. Die Inanspruchnahme und Bezahlung aller angebotenen Dienste ist &#8211; soweit technisch m\u00f6glich und zumutbar &#8211; auch ohne Angabesolcher Daten bzw. unter Angabe anonymisierter Daten oder eines Pseudonyms gestattet. Die Nutzung der im Rahmen des Impressums oder vergleichbarer Angaben ver\u00f6ffentlichten Kontaktdaten wie Postanschriften, Telefon- und Faxnummern sowie Emailadressen durch Dritte zur \u00dcbersendung von nicht ausdr\u00fccklich angeforderten Informationen ist nicht gestattet. Rechtliche Schritte gegen die Versender von sogenannten Spam-Mails bei Verst\u00f6ssen gegen dieses Verbot sind ausdr\u00fccklich vorbehalten.<\/p>\r\n<p>\r\n\r\n<\/p>\r\n<p>5. Rechtswirksamkeit dieses Haftungsausschlusses<\/p>\r\n<p>\r\n\r\n<\/p>\r\n<p>Dieser Haftungsausschluss ist als Teil des Internetangebotes zu betrachten, von dem aus auf diese Seite verwiesen wurde. Sofern Teile oder einzelne Formulierungen dieses Textes der geltenden Rechtslage nicht, nicht mehr oder nicht vollst\u00e4ndig entsprechen sollten, bleiben die \u00fcbrigen Teile des Dokumentes in ihrem Inhalt und ihrer G\u00fcltigkeit davon unber\u00fchrt.<\/p>\r\n<p><\/p>","protected":false},"excerpt":{"rendered":"<p>f\u00fcr B\u00fcrgerverein T\u00f6nisheide 1907 e.V. Gem\u00e4\u00df \u00a7 28 BDSG widersprechen wir jeder kommerziellen Verwendung und Weitergabe unserer Daten. Verantwortungsbereich Das Impressum gilt nur f\u00fcr die Internetpr\u00e4senz unter den Adressen: http:\/\/www.bv-toenisheide.de und http:\/\/www.bv-t\u00f6nisheide.de Abgrenzung Die Web-Pr\u00e4senz ist Teil des WWW und dementsprechend mit fremden, sich jederzeit wandeln k\u00f6nnenden Web-Sites verkn\u00fcpft, die folglich auch nicht diesem Verantwortungsbereich &hellip; <\/p>\n<p class=\"link-more\"><a href=\"https:\/\/bv-toenisheide.de\/BVToenisheide\/Start.html\/impressum\/\" class=\"more-link\"><span class=\"screen-reader-text\">\u201eImpressum\u201c <\/span>weiterlesen<\/a><\/p>\n","protected":false},"author":1,"featured_media":0,"parent":0,"menu_order":0,"comment_status":"closed","ping_status":"closed","template":"","meta":{"footnotes":""},"class_list":["post-24","page","type-page","status-publish","hentry"],"jetpack_sharing_enabled":true,"jetpack_shortlink":"https:\/\/wp.me\/PaAx8l-o","jetpack-related-posts":[{"id":20,"url":"https:\/\/bv-toenisheide.de\/BVToenisheide\/Start.html\/datenschutzerklaerung\/","url_meta":{"origin":24,"position":0},"title":"Datenschutzerkl\u00e4rung","author":"bvadmin63","date":"Januar 5, 2019","format":false,"excerpt":"Die Adresse unserer Website ist: http:\/\/bv-toenisheide.de Datenschutzerkl\u00e4rung Diese Datenschutzerkl\u00e4rung kl\u00e4rt Sie \u00fcber die Art, den Umfang und Zweck der Verarbeitung von personenbezogenen Daten (nachfolgend kurz \u201eDaten\u201c) innerhalb unseres Onlineangebotes und der mit ihm verbundenen Webseiten, Funktionen und Inhalte sowie externen Onlinepr\u00e4senzen, wie z.B. unser Social Media Profile auf. (nachfolgend gemeinsam\u2026","rel":"","context":"\u00c4hnlicher Beitrag","block_context":{"text":"\u00c4hnlicher Beitrag","link":""},"img":{"alt_text":"","src":"","width":0,"height":0},"classes":[]},{"id":172,"url":"https:\/\/bv-toenisheide.de\/BVToenisheide\/Start.html\/stammtisch\/","url_meta":{"origin":24,"position":1},"title":"Stammtisch","author":"bvadmin63","date":"April 6, 2019","format":false,"excerpt":"Cafe Inside, W\u00fclfrather Stra\u00dfe Stammtisch des B\u00fcrgervereins T\u00f6nisheide *** Der Stammtisch findet zur Zeit nicht statt. *** ----------------------------------------------------------- Der monatlich stattfindende Stammtisch soll allen B\u00fcrgern, die ein Interesse an T\u00f6nisheide haben, die M\u00f6glichkeit geben, miteinander ins Gespr\u00e4ch zu kommen. Der B\u00fcrgerverein hat dabei stets ein offenes Ohr f\u00fcr W\u00fcnsche, Anregungen,\u2026","rel":"","context":"\u00c4hnlicher Beitrag","block_context":{"text":"\u00c4hnlicher Beitrag","link":""},"img":{"alt_text":"","src":"https:\/\/i0.wp.com\/bv-toenisheide.de\/wp-content\/uploads\/2019\/04\/classroom-300x224.jpg?resize=350%2C200","width":350,"height":200},"classes":[]},{"id":27,"url":"https:\/\/bv-toenisheide.de\/BVToenisheide\/Start.html\/verein\/","url_meta":{"origin":24,"position":2},"title":"Verein &#038; Mitgliedschaft","author":"bvadmin63","date":"Januar 6, 2019","format":false,"excerpt":"\u00a0 \u00a0 \u00a0 \u00a0 Sind Sie an Ihrem Stadtteil T\u00f6nisheide interessiert? M\u00f6chten Sie f\u00fcr die B\u00fcrgerschaft t\u00e4tig werden ohne sich parteipolitisch zu binden?\u00a0 \u00a0 \u00a0 Dann werden Sie doch Mitglied im B\u00fcrgerverein T\u00f6nisheide 1907 e.V., denn der B\u00fcrgerverein vertritt die Interessen unseres Stadtteils und deshalb brauchen wir einen mitgliedsstarken Verein.\u2026","rel":"","context":"\u00c4hnlicher Beitrag","block_context":{"text":"\u00c4hnlicher Beitrag","link":""},"img":{"alt_text":"","src":"https:\/\/i0.wp.com\/bv-toenisheide.de\/wp-content\/uploads\/2025\/10\/bvlogoklein-244x300.jpg?resize=350%2C200&ssl=1","width":350,"height":200},"classes":[]},{"id":1225,"url":"https:\/\/bv-toenisheide.de\/BVToenisheide\/Start.html\/vorstandsaemter-im-buergerverein\/","url_meta":{"origin":24,"position":3},"title":"Vorstands\u00e4mter im B\u00fcrgerverein","author":"bvadmin63","date":"Februar 8, 2025","format":false,"excerpt":"T\u00e4tigkeitsbeschreibung der Vorstandsmitglieder des B\u00fcrgervereins T\u00f6nisheide 1907 e.V. Auszug aus der aktuellen BV-Vereinssatzung (2017): \u00a7 7 Der Vorstand\u00a0 Der Vorstand besteht aus dem Vorsitzenden und mindestens 7, h\u00f6chstens aber 15 von der Versammlung mit Stimmenmehrheit gew\u00e4hlten Personen. Er vertritt den Verein gerichtlich und au\u00dfergerichtlich. Je 2 Vorstandsmitglieder sind gemeinsam vertretungsberechtigt.\u00a0\u2026","rel":"","context":"\u00c4hnlicher Beitrag","block_context":{"text":"\u00c4hnlicher Beitrag","link":""},"img":{"alt_text":"","src":"","width":0,"height":0},"classes":[]},{"id":58,"url":"https:\/\/bv-toenisheide.de\/BVToenisheide\/Start.html\/news\/","url_meta":{"origin":24,"position":4},"title":"Aktuell","author":"bvadmin63","date":"Januar 12, 2019","format":false,"excerpt":"B\u00fcrgerfest 2019 Am Mittwoch, den 27. Februar um 19.30 Uhr findet im Evangelischen Gemeindehaus T\u00f6nisheide, Kuhlendahler Stra\u00dfe 34, das dritte\u00a0Vorbereitungstreffen f\u00fcr das geplante B\u00fcrgerfest am 6. und 7. Juli statt. Hierzu sind alle T\u00f6nisheider Vereine und Institutionen die teilnehmen m\u00f6chten herzlich eingeladen.Anmeldeformular f\u00fcr Vereine und Institutionen: \u00a0\u00a0b\u00fcrgerfest2019_aktion \u00a0","rel":"","context":"\u00c4hnlicher Beitrag","block_context":{"text":"\u00c4hnlicher Beitrag","link":""},"img":{"alt_text":"","src":"https:\/\/i0.wp.com\/bv-toenisheide.de\/wp-content\/uploads\/2019\/09\/Poster-B%C3%BCFe-2019_col-213x300.jpg?resize=350%2C200","width":350,"height":200},"classes":[]},{"id":1255,"url":"https:\/\/bv-toenisheide.de\/BVToenisheide\/Start.html\/zusammenarbeit\/","url_meta":{"origin":24,"position":5},"title":"Velberter B\u00fcrgervereine","author":"bvadmin63","date":"Februar 24, 2025","format":false,"excerpt":"Zusammenarbeit mit anderen B\u00fcrgervereinen Bedingt durch die Aufl\u00f6sung der ARGE ( Arbeitsgemeinschaft Velberter B\u00fcrgervereine ) und dem Wegfall der Monatszeitung \u201eVelberter B\u00fcrger\u201c zum Jahresbeginn 2024, fehlt es sowohl den Vereinsvorst\u00e4nden der B\u00fcrgervereine, aber auch allen Mitgliedern an Informationen \u00fcber durchgef\u00fchrte und geplante Aktivit\u00e4ten in den einzelnen Vereinen.Es wurde deshalb auf\u2026","rel":"","context":"\u00c4hnlicher Beitrag","block_context":{"text":"\u00c4hnlicher Beitrag","link":""},"img":{"alt_text":"","src":"https:\/\/i0.wp.com\/bv-toenisheide.de\/wp-content\/uploads\/2025\/03\/PHOTO-2025-02-12-23-25-05-150x150.jpg?resize=350%2C200&ssl=1","width":350,"height":200},"classes":[]}],"_links":{"self":[{"href":"https:\/\/bv-toenisheide.de\/BVToenisheide\/Start.html\/wp-json\/wp\/v2\/pages\/24","targetHints":{"allow":["GET"]}}],"collection":[{"href":"https:\/\/bv-toenisheide.de\/BVToenisheide\/Start.html\/wp-json\/wp\/v2\/pages"}],"about":[{"href":"https:\/\/bv-toenisheide.de\/BVToenisheide\/Start.html\/wp-json\/wp\/v2\/types\/page"}],"author":[{"embeddable":true,"href":"https:\/\/bv-toenisheide.de\/BVToenisheide\/Start.html\/wp-json\/wp\/v2\/users\/1"}],"replies":[{"embeddable":true,"href":"https:\/\/bv-toenisheide.de\/BVToenisheide\/Start.html\/wp-json\/wp\/v2\/comments?post=24"}],"version-history":[{"count":7,"href":"https:\/\/bv-toenisheide.de\/BVToenisheide\/Start.html\/wp-json\/wp\/v2\/pages\/24\/revisions"}],"predecessor-version":[{"id":1305,"href":"https:\/\/bv-toenisheide.de\/BVToenisheide\/Start.html\/wp-json\/wp\/v2\/pages\/24\/revisions\/1305"}],"wp:attachment":[{"href":"https:\/\/bv-toenisheide.de\/BVToenisheide\/Start.html\/wp-json\/wp\/v2\/media?parent=24"}],"curies":[{"name":"wp","href":"https:\/\/api.w.org\/{rel}","templated":true}]}}