{"id":264,"date":"2019-08-11T19:31:14","date_gmt":"2019-08-11T19:31:14","guid":{"rendered":"http:\/\/bv-toenisheide.de\/?page_id=264"},"modified":"2019-09-22T17:57:23","modified_gmt":"2019-09-22T17:57:23","slug":"buergerfest","status":"publish","type":"page","link":"https:\/\/bv-toenisheide.de\/BVToenisheide\/Start.html\/buergerfest\/","title":{"rendered":"B\u00fcrgerfest"},"content":{"rendered":"<h1><strong>B\u00fcrgerfest 2019<\/strong><\/h1>\n<p><img data-recalc-dims=\"1\" loading=\"lazy\" decoding=\"async\" data-attachment-id=\"280\" data-permalink=\"https:\/\/bv-toenisheide.de\/BVToenisheide\/Start.html\/news\/poster-buefe-2019_col\/\" data-orig-file=\"https:\/\/i0.wp.com\/bv-toenisheide.de\/wp-content\/uploads\/2019\/09\/Poster-B%C3%BCFe-2019_col.jpg?fit=3338%2C4708&amp;ssl=1\" data-orig-size=\"3338,4708\" data-comments-opened=\"1\" data-image-meta=\"{&quot;aperture&quot;:&quot;0&quot;,&quot;credit&quot;:&quot;&quot;,&quot;camera&quot;:&quot;&quot;,&quot;caption&quot;:&quot;&quot;,&quot;created_timestamp&quot;:&quot;0&quot;,&quot;copyright&quot;:&quot;&quot;,&quot;focal_length&quot;:&quot;0&quot;,&quot;iso&quot;:&quot;0&quot;,&quot;shutter_speed&quot;:&quot;0&quot;,&quot;title&quot;:&quot;&quot;,&quot;orientation&quot;:&quot;0&quot;}\" data-image-title=\"Poster B\u00fcFe 2019_col\" data-image-description=\"\" data-image-caption=\"\" data-large-file=\"https:\/\/i0.wp.com\/bv-toenisheide.de\/wp-content\/uploads\/2019\/09\/Poster-B%C3%BCFe-2019_col.jpg?fit=525%2C740&amp;ssl=1\" class=\"alignnone size-large wp-image-280\" src=\"https:\/\/i0.wp.com\/bv-toenisheide.de\/wp-content\/uploads\/2019\/09\/Poster-B%C3%BCFe-2019_col-726x1024.jpg?resize=525%2C740\" alt=\"\" width=\"525\" height=\"740\" srcset=\"https:\/\/i0.wp.com\/bv-toenisheide.de\/wp-content\/uploads\/2019\/09\/Poster-B%C3%BCFe-2019_col.jpg?resize=726%2C1024&amp;ssl=1 726w, https:\/\/i0.wp.com\/bv-toenisheide.de\/wp-content\/uploads\/2019\/09\/Poster-B%C3%BCFe-2019_col.jpg?resize=213%2C300&amp;ssl=1 213w, https:\/\/i0.wp.com\/bv-toenisheide.de\/wp-content\/uploads\/2019\/09\/Poster-B%C3%BCFe-2019_col.jpg?resize=768%2C1083&amp;ssl=1 768w, https:\/\/i0.wp.com\/bv-toenisheide.de\/wp-content\/uploads\/2019\/09\/Poster-B%C3%BCFe-2019_col.jpg?w=1050&amp;ssl=1 1050w, https:\/\/i0.wp.com\/bv-toenisheide.de\/wp-content\/uploads\/2019\/09\/Poster-B%C3%BCFe-2019_col.jpg?w=1575&amp;ssl=1 1575w\" sizes=\"auto, (max-width: 525px) 100vw, 525px\" \/><\/p>\n<p>&nbsp;<\/p>\n<p><img data-recalc-dims=\"1\" loading=\"lazy\" decoding=\"async\" data-attachment-id=\"267\" data-permalink=\"https:\/\/bv-toenisheide.de\/BVToenisheide\/Start.html\/buergerfest\/buefe2011-11\/\" data-orig-file=\"https:\/\/i0.wp.com\/bv-toenisheide.de\/wp-content\/uploads\/2019\/08\/P7030003.jpeg?fit=1909%2C1293&amp;ssl=1\" data-orig-size=\"1909,1293\" data-comments-opened=\"1\" data-image-meta=\"{&quot;aperture&quot;:&quot;4.8&quot;,&quot;credit&quot;:&quot;&quot;,&quot;camera&quot;:&quot;C5060WZ&quot;,&quot;caption&quot;:&quot;OLYMPUS DIGITAL CAMERA&quot;,&quot;created_timestamp&quot;:&quot;1309708318&quot;,&quot;copyright&quot;:&quot;&quot;,&quot;focal_length&quot;:&quot;10&quot;,&quot;iso&quot;:&quot;80&quot;,&quot;shutter_speed&quot;:&quot;0.005&quot;,&quot;title&quot;:&quot;b\\u00fcfe2011 - 11&quot;,&quot;orientation&quot;:&quot;0&quot;}\" data-image-title=\"b\u00fcfe2011 &amp;#8211; 11\" data-image-description=\"\" data-image-caption=\"&lt;p&gt;OLYMPUS DIGITAL CAMERA&lt;\/p&gt;\n\" data-large-file=\"https:\/\/i0.wp.com\/bv-toenisheide.de\/wp-content\/uploads\/2019\/08\/P7030003.jpeg?fit=525%2C356&amp;ssl=1\" class=\"alignnone wp-image-267 size-large\" src=\"https:\/\/i0.wp.com\/bv-toenisheide.de\/wp-content\/uploads\/2019\/08\/P7030003-1024x694.jpeg?resize=525%2C356\" alt=\"\" width=\"525\" height=\"356\" srcset=\"https:\/\/i0.wp.com\/bv-toenisheide.de\/wp-content\/uploads\/2019\/08\/P7030003.jpeg?resize=1024%2C694&amp;ssl=1 1024w, https:\/\/i0.wp.com\/bv-toenisheide.de\/wp-content\/uploads\/2019\/08\/P7030003.jpeg?resize=300%2C203&amp;ssl=1 300w, https:\/\/i0.wp.com\/bv-toenisheide.de\/wp-content\/uploads\/2019\/08\/P7030003.jpeg?resize=768%2C520&amp;ssl=1 768w, https:\/\/i0.wp.com\/bv-toenisheide.de\/wp-content\/uploads\/2019\/08\/P7030003.jpeg?w=1909&amp;ssl=1 1909w, https:\/\/i0.wp.com\/bv-toenisheide.de\/wp-content\/uploads\/2019\/08\/P7030003.jpeg?w=1575&amp;ssl=1 1575w\" sizes=\"auto, (max-width: 525px) 100vw, 525px\" \/><\/p>\n<h1><strong>Samstag: \u00a0\u00a0<\/strong><strong>ab 18:00 Uhr bis ca 22:00 Uhr<br \/>\nauf dem Kirchplatz<\/strong><\/h1>\n<h1><strong>LIVE Musik<\/strong><\/h1>\n<p>mit <strong><em>JetSet<\/em><\/strong>\u00a0aus Neviges und <em><strong>DJ Andi<\/strong> <\/em>am Mischpult<br \/>\n&#8222;Rudelsingen&#8220; nach Einbruch der Dunkelheit !!<\/p>\n<p><img data-recalc-dims=\"1\" loading=\"lazy\" decoding=\"async\" data-attachment-id=\"283\" data-permalink=\"https:\/\/bv-toenisheide.de\/BVToenisheide\/Start.html\/buergerfest\/js_logo_4-3_mp3\/\" data-orig-file=\"https:\/\/i0.wp.com\/bv-toenisheide.de\/wp-content\/uploads\/2019\/09\/JS_Logo_4-3_mp3.jpg?fit=566%2C566&amp;ssl=1\" data-orig-size=\"566,566\" data-comments-opened=\"1\" data-image-meta=\"{&quot;aperture&quot;:&quot;0&quot;,&quot;credit&quot;:&quot;&quot;,&quot;camera&quot;:&quot;&quot;,&quot;caption&quot;:&quot;&quot;,&quot;created_timestamp&quot;:&quot;0&quot;,&quot;copyright&quot;:&quot;&quot;,&quot;focal_length&quot;:&quot;0&quot;,&quot;iso&quot;:&quot;0&quot;,&quot;shutter_speed&quot;:&quot;0&quot;,&quot;title&quot;:&quot;&quot;,&quot;orientation&quot;:&quot;1&quot;}\" data-image-title=\"JS_Logo_4-3_mp3\" data-image-description=\"\" data-image-caption=\"\" data-large-file=\"https:\/\/i0.wp.com\/bv-toenisheide.de\/wp-content\/uploads\/2019\/09\/JS_Logo_4-3_mp3.jpg?fit=525%2C525&amp;ssl=1\" class=\"alignnone size-medium wp-image-283\" src=\"https:\/\/i0.wp.com\/bv-toenisheide.de\/wp-content\/uploads\/2019\/09\/JS_Logo_4-3_mp3-300x300.jpg?resize=300%2C300\" alt=\"\" width=\"300\" height=\"300\" srcset=\"https:\/\/i0.wp.com\/bv-toenisheide.de\/wp-content\/uploads\/2019\/09\/JS_Logo_4-3_mp3.jpg?resize=300%2C300&amp;ssl=1 300w, https:\/\/i0.wp.com\/bv-toenisheide.de\/wp-content\/uploads\/2019\/09\/JS_Logo_4-3_mp3.jpg?resize=150%2C150&amp;ssl=1 150w, https:\/\/i0.wp.com\/bv-toenisheide.de\/wp-content\/uploads\/2019\/09\/JS_Logo_4-3_mp3.jpg?resize=100%2C100&amp;ssl=1 100w, https:\/\/i0.wp.com\/bv-toenisheide.de\/wp-content\/uploads\/2019\/09\/JS_Logo_4-3_mp3.jpg?w=566&amp;ssl=1 566w\" sizes=\"auto, (max-width: 300px) 100vw, 300px\" \/><\/p>\n<p><img data-recalc-dims=\"1\" loading=\"lazy\" decoding=\"async\" data-attachment-id=\"284\" data-permalink=\"https:\/\/bv-toenisheide.de\/BVToenisheide\/Start.html\/buergerfest\/jet-set_1\/\" data-orig-file=\"https:\/\/i0.wp.com\/bv-toenisheide.de\/wp-content\/uploads\/2019\/09\/Jet-Set_1.jpg?fit=5184%2C3456&amp;ssl=1\" data-orig-size=\"5184,3456\" data-comments-opened=\"1\" data-image-meta=\"{&quot;aperture&quot;:&quot;5&quot;,&quot;credit&quot;:&quot;&quot;,&quot;camera&quot;:&quot;Canon EOS 60D&quot;,&quot;caption&quot;:&quot;&quot;,&quot;created_timestamp&quot;:&quot;1548444677&quot;,&quot;copyright&quot;:&quot;&quot;,&quot;focal_length&quot;:&quot;42&quot;,&quot;iso&quot;:&quot;400&quot;,&quot;shutter_speed&quot;:&quot;0.016666666666667&quot;,&quot;title&quot;:&quot;&quot;,&quot;orientation&quot;:&quot;1&quot;}\" data-image-title=\"Jet-Set_1\" data-image-description=\"\" data-image-caption=\"\" data-large-file=\"https:\/\/i0.wp.com\/bv-toenisheide.de\/wp-content\/uploads\/2019\/09\/Jet-Set_1.jpg?fit=525%2C350&amp;ssl=1\" class=\"alignnone size-large wp-image-284\" src=\"https:\/\/i0.wp.com\/bv-toenisheide.de\/wp-content\/uploads\/2019\/09\/Jet-Set_1-1024x683.jpg?resize=525%2C350\" alt=\"\" width=\"525\" height=\"350\" srcset=\"https:\/\/i0.wp.com\/bv-toenisheide.de\/wp-content\/uploads\/2019\/09\/Jet-Set_1.jpg?resize=1024%2C683&amp;ssl=1 1024w, https:\/\/i0.wp.com\/bv-toenisheide.de\/wp-content\/uploads\/2019\/09\/Jet-Set_1.jpg?resize=300%2C200&amp;ssl=1 300w, https:\/\/i0.wp.com\/bv-toenisheide.de\/wp-content\/uploads\/2019\/09\/Jet-Set_1.jpg?resize=768%2C512&amp;ssl=1 768w, https:\/\/i0.wp.com\/bv-toenisheide.de\/wp-content\/uploads\/2019\/09\/Jet-Set_1.jpg?w=1575&amp;ssl=1 1575w\" sizes=\"auto, (max-width: 525px) 100vw, 525px\" \/><\/p>\n<p><strong>Eintritt frei!<\/strong><br \/>\nF\u00fcr Verpflegung ist gesorgt: Getr\u00e4nke, Grillwurst, Kartoffelst\u00e4bchen !!<\/p>\n<h1><strong>Sonntag: \u00a0 ab 11:00 Uhr bis ca. 16:00 Uhr<br \/>\nKirchplatz &amp; Kirchstra\u00dfe<\/strong><\/h1>\n<h1><strong>B\u00fcrgerfest mit vielen T\u00f6nisheider Vereinen<\/strong><\/h1>\n<p><span style=\"color: #000080;\">Familienprogramm mit Spielen, H\u00fcpfburg, Mitmachaktionen<\/span><br \/>\nB\u00fcrgerfestralley f\u00fcr Kids<br \/>\n<span style=\"color: #333399;\">Musikprogramm mit der<strong><em> Starlight Musical Academy <\/em><\/strong><em>u.a.<\/em><\/span><br \/>\nKulinarische Highlights, Streetfood an den Vereinsst\u00e4nden<br \/>\n<span style=\"color: #008000;\">Tombola<\/span><br \/>\nInfost\u00e4nde der T\u00f6nisheider Vereine<br \/>\nFeuerwehrwagen<br \/>\nSolarmobil der Stadtwerke Velbert<\/p>\n<p><img data-recalc-dims=\"1\" loading=\"lazy\" decoding=\"async\" data-attachment-id=\"270\" data-permalink=\"https:\/\/bv-toenisheide.de\/BVToenisheide\/Start.html\/buergerfest\/img_3821\/\" data-orig-file=\"https:\/\/i0.wp.com\/bv-toenisheide.de\/wp-content\/uploads\/2019\/08\/IMG_3821.jpg?fit=3456%2C2304&amp;ssl=1\" data-orig-size=\"3456,2304\" data-comments-opened=\"1\" data-image-meta=\"{&quot;aperture&quot;:&quot;14&quot;,&quot;credit&quot;:&quot;&quot;,&quot;camera&quot;:&quot;Canon EOS 600D&quot;,&quot;caption&quot;:&quot;&quot;,&quot;created_timestamp&quot;:&quot;1373204581&quot;,&quot;copyright&quot;:&quot;&quot;,&quot;focal_length&quot;:&quot;35&quot;,&quot;iso&quot;:&quot;100&quot;,&quot;shutter_speed&quot;:&quot;0.01&quot;,&quot;title&quot;:&quot;&quot;,&quot;orientation&quot;:&quot;1&quot;}\" data-image-title=\"IMG_3821\" data-image-description=\"\" data-image-caption=\"\" data-large-file=\"https:\/\/i0.wp.com\/bv-toenisheide.de\/wp-content\/uploads\/2019\/08\/IMG_3821.jpg?fit=525%2C350&amp;ssl=1\" class=\"alignnone wp-image-270 size-large\" src=\"https:\/\/i0.wp.com\/bv-toenisheide.de\/wp-content\/uploads\/2019\/08\/IMG_3821-1024x683.jpg?resize=525%2C350\" alt=\"\" width=\"525\" height=\"350\" srcset=\"https:\/\/i0.wp.com\/bv-toenisheide.de\/wp-content\/uploads\/2019\/08\/IMG_3821.jpg?resize=1024%2C683&amp;ssl=1 1024w, https:\/\/i0.wp.com\/bv-toenisheide.de\/wp-content\/uploads\/2019\/08\/IMG_3821.jpg?resize=300%2C200&amp;ssl=1 300w, https:\/\/i0.wp.com\/bv-toenisheide.de\/wp-content\/uploads\/2019\/08\/IMG_3821.jpg?resize=768%2C512&amp;ssl=1 768w, https:\/\/i0.wp.com\/bv-toenisheide.de\/wp-content\/uploads\/2019\/08\/IMG_3821.jpg?w=1575&amp;ssl=1 1575w\" sizes=\"auto, (max-width: 525px) 100vw, 525px\" \/><\/p>\n<h3><strong><br \/>\nTeilnehmer:<\/strong><\/h3>\n<ul>\n<li>BV T\u00f6nisheide<\/li>\n<li>ASV T\u00f6nisheide<\/li>\n<li>SV Union Velbert<\/li>\n<li>\u00d6kumene T\u00f6nisheide &#8222;Zwei unter einem Dach&#8220;<\/li>\n<li>Familienzentrum T\u00f6nisheide<\/li>\n<li>F\u00f6rderverein Grundschule T\u00f6nisheide<\/li>\n<li>Gesamtschule Neviges-T\u00f6nisheide<\/li>\n<li>Freiwillige Feuerwehr LZ T\u00f6nisheide<\/li>\n<li>DRK Neviges-T\u00f6nisheide<\/li>\n<li>KAB Neviges<\/li>\n<li>Wunschbriefe e.V.<\/li>\n<li>Stadtwerke Velbert<\/li>\n<li>Stammtisch E-Mobilit\u00e4t Velbert<\/li>\n<\/ul>\n<p><img data-recalc-dims=\"1\" loading=\"lazy\" decoding=\"async\" data-attachment-id=\"269\" data-permalink=\"https:\/\/bv-toenisheide.de\/BVToenisheide\/Start.html\/buergerfest\/img_3806\/\" data-orig-file=\"https:\/\/i0.wp.com\/bv-toenisheide.de\/wp-content\/uploads\/2019\/08\/IMG_3806-e1565552452620.jpg?fit=3264%2C2448&amp;ssl=1\" data-orig-size=\"3264,2448\" data-comments-opened=\"1\" data-image-meta=\"{&quot;aperture&quot;:&quot;2.4&quot;,&quot;credit&quot;:&quot;&quot;,&quot;camera&quot;:&quot;iPhone 5&quot;,&quot;caption&quot;:&quot;&quot;,&quot;created_timestamp&quot;:&quot;1434216855&quot;,&quot;copyright&quot;:&quot;&quot;,&quot;focal_length&quot;:&quot;4.12&quot;,&quot;iso&quot;:&quot;50&quot;,&quot;shutter_speed&quot;:&quot;0.0011614401858304&quot;,&quot;title&quot;:&quot;&quot;,&quot;orientation&quot;:&quot;3&quot;}\" data-image-title=\"IMG_3806\" data-image-description=\"\" data-image-caption=\"\" data-large-file=\"https:\/\/i0.wp.com\/bv-toenisheide.de\/wp-content\/uploads\/2019\/08\/IMG_3806-e1565552452620.jpg?fit=525%2C394&amp;ssl=1\" class=\"alignnone wp-image-269 size-large\" src=\"https:\/\/i0.wp.com\/bv-toenisheide.de\/wp-content\/uploads\/2019\/08\/IMG_3806-e1565552452620-1024x768.jpg?resize=525%2C394\" alt=\"\" width=\"525\" height=\"394\" srcset=\"https:\/\/i0.wp.com\/bv-toenisheide.de\/wp-content\/uploads\/2019\/08\/IMG_3806-e1565552452620.jpg?resize=1024%2C768&amp;ssl=1 1024w, https:\/\/i0.wp.com\/bv-toenisheide.de\/wp-content\/uploads\/2019\/08\/IMG_3806-e1565552452620.jpg?resize=300%2C225&amp;ssl=1 300w, https:\/\/i0.wp.com\/bv-toenisheide.de\/wp-content\/uploads\/2019\/08\/IMG_3806-e1565552452620.jpg?resize=768%2C576&amp;ssl=1 768w, https:\/\/i0.wp.com\/bv-toenisheide.de\/wp-content\/uploads\/2019\/08\/IMG_3806-e1565552452620.jpg?w=1575&amp;ssl=1 1575w\" sizes=\"auto, (max-width: 525px) 100vw, 525px\" \/><\/p>\n<h3><strong>B\u00fchnen-Programm am Sonntag:<\/strong><\/h3>\n<p>&nbsp;<\/p>\n<p>11:00 bis ca 11:30 Uhr \u00a0 \u00a0 Begr\u00fcssung und kurze Andacht, Pfr.Schneider<\/p>\n<p>12:00 bis 13:00 Uhr \u00a0 \u00a0 \u00a0 \u00a0 \u00a0Shanty-Chor der Marinekameradschaft Velbert<\/p>\n<p>13:00 bis 15:00 Uhr \u00a0 \u00a0 \u00a0 \u00a0 \u00a0Starlight Musical Academy mit Mini-Workshop<\/p>\n<p>15:00 bis 16:00 Uhr \u00a0 \u00a0 \u00a0 \u00a0 \u00a0Akkordeonmusik mit Ulrich Chudobba<br \/>\nMusette-Swing-Tango-Jazz<span class=\"apple-converted-space\">\u00a0<\/span><\/p>\n<p>16:00 Uhr \u00a0 \u00a0 \u00a0 \u00a0 \u00a0 \u00a0 \u00a0 \u00a0 \u00a0 \u00a0 \u00a0 \u00a0 \u00a0 \u00a0 \u00a0 Schlussverlosung der ausgef\u00fcllten Aktionskarten<\/p>\n<p>&nbsp;<\/p>\n<h3><strong>Wir bedanken uns bei unseren Sponsoren:<\/strong><\/h3>\n<h1><span style=\"color: #000080;\">Stadtwerke Velbert<\/span><\/h1>\n<p><span style=\"color: #000080;\">Sparkasse HRV<\/span><\/p>\n<p><span style=\"color: #000080;\">Fa. Ger\u00fcstbau Iserlohn<\/span><\/p>\n<p><span style=\"color: #000080;\">CHIC! mit Katharina<\/span><\/p>\n<p>&#8230;<\/p>\n","protected":false},"excerpt":{"rendered":"<p>B\u00fcrgerfest 2019 &nbsp; Samstag: \u00a0\u00a0ab 18:00 Uhr bis ca 22:00 Uhr auf dem Kirchplatz LIVE Musik mit JetSet\u00a0aus Neviges und DJ Andi am Mischpult &#8222;Rudelsingen&#8220; nach Einbruch der Dunkelheit !! Eintritt frei! F\u00fcr Verpflegung ist gesorgt: Getr\u00e4nke, Grillwurst, Kartoffelst\u00e4bchen !! Sonntag: \u00a0 ab 11:00 Uhr bis ca. 16:00 Uhr Kirchplatz &amp; Kirchstra\u00dfe B\u00fcrgerfest mit vielen &hellip; <\/p>\n<p class=\"link-more\"><a href=\"https:\/\/bv-toenisheide.de\/BVToenisheide\/Start.html\/buergerfest\/\" class=\"more-link\"><span class=\"screen-reader-text\">\u201eB\u00fcrgerfest\u201c <\/span>weiterlesen<\/a><\/p>\n","protected":false},"author":1,"featured_media":0,"parent":0,"menu_order":0,"comment_status":"closed","ping_status":"closed","template":"","meta":{"footnotes":""},"class_list":["post-264","page","type-page","status-publish","hentry"],"jetpack_sharing_enabled":true,"jetpack_shortlink":"https:\/\/wp.me\/PaAx8l-4g","jetpack-related-posts":[{"id":58,"url":"https:\/\/bv-toenisheide.de\/BVToenisheide\/Start.html\/news\/","url_meta":{"origin":264,"position":0},"title":"Aktuell","author":"bvadmin63","date":"Januar 12, 2019","format":false,"excerpt":"B\u00fcrgerfest 2019 Am Mittwoch, den 27. Februar um 19.30 Uhr findet im Evangelischen Gemeindehaus T\u00f6nisheide, Kuhlendahler Stra\u00dfe 34, das dritte\u00a0Vorbereitungstreffen f\u00fcr das geplante B\u00fcrgerfest am 6. und 7. Juli statt. Hierzu sind alle T\u00f6nisheider Vereine und Institutionen die teilnehmen m\u00f6chten herzlich eingeladen.Anmeldeformular f\u00fcr Vereine und Institutionen: \u00a0\u00a0b\u00fcrgerfest2019_aktion \u00a0","rel":"","context":"\u00c4hnlicher Beitrag","block_context":{"text":"\u00c4hnlicher Beitrag","link":""},"img":{"alt_text":"","src":"https:\/\/i0.wp.com\/bv-toenisheide.de\/wp-content\/uploads\/2019\/09\/Poster-B%C3%BCFe-2019_col-213x300.jpg?resize=350%2C200","width":350,"height":200},"classes":[]},{"id":48,"url":"https:\/\/bv-toenisheide.de\/BVToenisheide\/Start.html\/termine\/","url_meta":{"origin":264,"position":1},"title":"Termine","author":"bvadmin63","date":"Januar 12, 2019","format":false,"excerpt":"2026 Termine der Vorstandssitzungen: \u00a0 \u00a0 am ersten Dienstag eines Monats um 19:30 Uhrim \u00a0evangelischen Gemeindehaus, Kuhlendahler Str. Termine 2026: \u00a0 Stammtisch zur Zeit findet kein Stammtisch statt Veranstaltungstermine 2026(die Liste wird regelm\u00e4\u00dfig aktualisiert) 07.Februar \u00a0 \u00a0 \u00a0 \u00a0 \u00a0 \"Winter-Angrillen\", ab 16:00 Uhr, \u00a0 \u00a0 \u00a0 \u00a0 \u00a0 \u00a0\u2026","rel":"","context":"\u00c4hnlicher Beitrag","block_context":{"text":"\u00c4hnlicher Beitrag","link":""},"img":{"alt_text":"","src":"https:\/\/i0.wp.com\/bv-toenisheide.de\/wp-content\/uploads\/2026\/02\/Screenshot_20260201_110156_Gallery-150x150.jpg?resize=350%2C200&ssl=1","width":350,"height":200},"classes":[]},{"id":27,"url":"https:\/\/bv-toenisheide.de\/BVToenisheide\/Start.html\/verein\/","url_meta":{"origin":264,"position":2},"title":"Verein &#038; Mitgliedschaft","author":"bvadmin63","date":"Januar 6, 2019","format":false,"excerpt":"\u00a0 \u00a0 \u00a0 \u00a0 Sind Sie an Ihrem Stadtteil T\u00f6nisheide interessiert? M\u00f6chten Sie f\u00fcr die B\u00fcrgerschaft t\u00e4tig werden ohne sich parteipolitisch zu binden?\u00a0 \u00a0 \u00a0 Dann werden Sie doch Mitglied im B\u00fcrgerverein T\u00f6nisheide 1907 e.V., denn der B\u00fcrgerverein vertritt die Interessen unseres Stadtteils und deshalb brauchen wir einen mitgliedsstarken Verein.\u2026","rel":"","context":"\u00c4hnlicher Beitrag","block_context":{"text":"\u00c4hnlicher Beitrag","link":""},"img":{"alt_text":"","src":"https:\/\/i0.wp.com\/bv-toenisheide.de\/wp-content\/uploads\/2025\/10\/bvlogoklein-244x300.jpg?resize=350%2C200&ssl=1","width":350,"height":200},"classes":[]},{"id":1225,"url":"https:\/\/bv-toenisheide.de\/BVToenisheide\/Start.html\/vorstandsaemter-im-buergerverein\/","url_meta":{"origin":264,"position":3},"title":"Vorstands\u00e4mter im B\u00fcrgerverein","author":"bvadmin63","date":"Februar 8, 2025","format":false,"excerpt":"T\u00e4tigkeitsbeschreibung der Vorstandsmitglieder des B\u00fcrgervereins T\u00f6nisheide 1907 e.V. Auszug aus der aktuellen BV-Vereinssatzung (2017): \u00a7 7 Der Vorstand\u00a0 Der Vorstand besteht aus dem Vorsitzenden und mindestens 7, h\u00f6chstens aber 15 von der Versammlung mit Stimmenmehrheit gew\u00e4hlten Personen. Er vertritt den Verein gerichtlich und au\u00dfergerichtlich. Je 2 Vorstandsmitglieder sind gemeinsam vertretungsberechtigt.\u00a0\u2026","rel":"","context":"\u00c4hnlicher Beitrag","block_context":{"text":"\u00c4hnlicher Beitrag","link":""},"img":{"alt_text":"","src":"","width":0,"height":0},"classes":[]}],"_links":{"self":[{"href":"https:\/\/bv-toenisheide.de\/BVToenisheide\/Start.html\/wp-json\/wp\/v2\/pages\/264","targetHints":{"allow":["GET"]}}],"collection":[{"href":"https:\/\/bv-toenisheide.de\/BVToenisheide\/Start.html\/wp-json\/wp\/v2\/pages"}],"about":[{"href":"https:\/\/bv-toenisheide.de\/BVToenisheide\/Start.html\/wp-json\/wp\/v2\/types\/page"}],"author":[{"embeddable":true,"href":"https:\/\/bv-toenisheide.de\/BVToenisheide\/Start.html\/wp-json\/wp\/v2\/users\/1"}],"replies":[{"embeddable":true,"href":"https:\/\/bv-toenisheide.de\/BVToenisheide\/Start.html\/wp-json\/wp\/v2\/comments?post=264"}],"version-history":[{"count":8,"href":"https:\/\/bv-toenisheide.de\/BVToenisheide\/Start.html\/wp-json\/wp\/v2\/pages\/264\/revisions"}],"predecessor-version":[{"id":303,"href":"https:\/\/bv-toenisheide.de\/BVToenisheide\/Start.html\/wp-json\/wp\/v2\/pages\/264\/revisions\/303"}],"wp:attachment":[{"href":"https:\/\/bv-toenisheide.de\/BVToenisheide\/Start.html\/wp-json\/wp\/v2\/media?parent=264"}],"curies":[{"name":"wp","href":"https:\/\/api.w.org\/{rel}","templated":true}]}}