{"id":27,"date":"2019-01-06T11:19:01","date_gmt":"2019-01-06T11:19:01","guid":{"rendered":"http:\/\/bv-toenisheide.de\/?page_id=27"},"modified":"2025-10-10T13:43:03","modified_gmt":"2025-10-10T13:43:03","slug":"verein","status":"publish","type":"page","link":"https:\/\/bv-toenisheide.de\/BVToenisheide\/Start.html\/verein\/","title":{"rendered":"Verein &#038; Mitgliedschaft"},"content":{"rendered":"<p>&nbsp;<\/p>\r\n<p><a href=\"https:\/\/i0.wp.com\/bv-toenisheide.de\/wp-content\/uploads\/2025\/10\/bvlogoklein.jpg?ssl=1\"><img data-recalc-dims=\"1\" loading=\"lazy\" decoding=\"async\" data-attachment-id=\"1490\" data-permalink=\"https:\/\/bv-toenisheide.de\/BVToenisheide\/Start.html\/verein\/bvlogoklein\/\" data-orig-file=\"https:\/\/i0.wp.com\/bv-toenisheide.de\/wp-content\/uploads\/2025\/10\/bvlogoklein.jpg?fit=293%2C360&amp;ssl=1\" data-orig-size=\"293,360\" data-comments-opened=\"0\" data-image-meta=\"{&quot;aperture&quot;:&quot;0&quot;,&quot;credit&quot;:&quot;&quot;,&quot;camera&quot;:&quot;&quot;,&quot;caption&quot;:&quot;&quot;,&quot;created_timestamp&quot;:&quot;0&quot;,&quot;copyright&quot;:&quot;&quot;,&quot;focal_length&quot;:&quot;0&quot;,&quot;iso&quot;:&quot;0&quot;,&quot;shutter_speed&quot;:&quot;0&quot;,&quot;title&quot;:&quot;&quot;,&quot;orientation&quot;:&quot;1&quot;}\" data-image-title=\"bvlogoklein\" data-image-description=\"\" data-image-caption=\"\" data-large-file=\"https:\/\/i0.wp.com\/bv-toenisheide.de\/wp-content\/uploads\/2025\/10\/bvlogoklein.jpg?fit=293%2C360&amp;ssl=1\" class=\"alignleft size-medium wp-image-1490\" src=\"https:\/\/i0.wp.com\/bv-toenisheide.de\/wp-content\/uploads\/2025\/10\/bvlogoklein.jpg?resize=244%2C300&#038;ssl=1\" alt=\"\" width=\"244\" height=\"300\" srcset=\"https:\/\/i0.wp.com\/bv-toenisheide.de\/wp-content\/uploads\/2025\/10\/bvlogoklein.jpg?resize=244%2C300&amp;ssl=1 244w, https:\/\/i0.wp.com\/bv-toenisheide.de\/wp-content\/uploads\/2025\/10\/bvlogoklein.jpg?w=293&amp;ssl=1 293w\" sizes=\"auto, (max-width: 244px) 100vw, 244px\" \/><\/a><\/p>\r\n<p>&nbsp;<\/p>\r\n<p>&nbsp;<\/p>\r\n<p>&nbsp;<\/p>\r\n<p><strong><span style=\"color: #000080;\"><em>Sind Sie an Ihrem Stadtteil T\u00f6nisheide interessiert? <\/em><\/span><\/strong><\/p>\r\n<p><strong><span style=\"color: #000080;\"><em>M\u00f6chten Sie f\u00fcr die B\u00fcrgerschaft t\u00e4tig werden ohne sich parteipolitisch zu binden?<\/em><\/span><span class=\"Apple-converted-space\"><em><span style=\"color: #000080;\">\u00a0<\/span> <\/em><\/span><\/strong><\/p>\r\n<p>&nbsp;<\/p>\r\n<p>&nbsp;<\/p>\r\n<p>Dann werden Sie doch Mitglied im B\u00fcrgerverein T\u00f6nisheide 1907 e.V., denn der B\u00fcrgerverein vertritt die Interessen unseres Stadtteils und deshalb brauchen wir einen mitgliedsstarken Verein.<\/p>\r\n<div class=\"page\" title=\"Page 2\">\r\n<div class=\"section\">\r\n<div class=\"layoutArea\">\r\n<div class=\"column\">Unser Verein verfolgt das Ziel, den Stadtteil zu einem lebendigen, freundlichen und engagierten Ort zu gestalten. Dabei liegt der Fokus auf der Fo\u0308rderung des nachbarschaftlichen Miteinanders, der Unterstu\u0308tzung lokaler Initiativen und der Pflege kultureller sowie sozialer Projekte.<\/div>\r\n<div class=\"column\">Zu den bisherigen Aktivita\u0308ten des Bu\u0308rgervereins geho\u0308ren unter anderem die Organisation von Veranstaltungen wie dem Bu\u0308rgerfest, von Tagesausflu\u0308gen, Seniorenveranstaltungen, dem St.Martinszug, von Informationstreffen auf dem Kirchplatz sowie einem Stammtisch, die Unterstu\u0308tzung von Bu\u0308rgeranfragen vor Ort und die Zusammenarbeit mit anderen lokalen Vereinen und den Gemeinden.<\/div>\r\n<div class=\"column\">Der Bu\u0308rgerverein versteht sich auch als Akteur in der Kommunalpolitik: Durch regelma\u0308\u00dfige Kontakte zu Lokalpolitikerinnen und -politikern, die Teilnahme an \u00a0Bezirksversammlungen und das Einbringen von Anfragen kann der Verein dazu beitragen, dass die Bedu\u0308rfnisse der Ortsteilbevo\u0308lkerung Geho\u0308r finden. Es geht darum, To\u0308nisheide nicht nur als Wohnort, sondern als einen Ort der Gemeinschaft und des Zusammenhalts zu etablieren.<br \/><br \/><\/div>\r\n<\/div>\r\n<\/div>\r\n<\/div>\r\n<p><strong><em>Der Jahresbeitrag f\u00fcr Einzelmitglieder betr\u00e4gt \u00a015.- EUR.<\/em> <\/strong><br \/><strong><em>Der Beitrag f\u00fcr Ehe- bzw. \u00a0Lebenspartner betr\u00e4gt \u00a010.- EUR.<\/em> <\/strong><br \/><br \/>Bitte drucken Sie sich das Beitrittsformular, welches Sie weiter unten auf dieser Seite finden, aus und senden es ausgef\u00fcllt an uns zur\u00fcck. <br \/>Bei R\u00fcckfragen d\u00fcrfen Sie sich gerne unter der eMail-Adresse <a href=\"mailto:info@bv-toenisheide.de\">vorstand@bv-toenisheide.de<\/a><span style=\"color: #000000;\">\u00a0oder telefonisch bei uns melden. <\/span><\/p>\r\n<p><span style=\"color: #000080;\"> Wir laden Sie herzlich ein, Mitglied des B\u00fcrgervereins T\u00f6nisheide zu werden.<\/span><\/p>\r\n<hr \/>\r\n<p><strong> Satzung und Anmeldeformulare<\/strong><\/p>\r\n<p>Hier finden Sie unsere aktuelle<strong> Satzung:<br \/><\/strong><span style=\"color: #000080;\"><a style=\"color: #000080;\" href=\"http:\/\/bv-toenisheide.de\/wp-content\/uploads\/2019\/03\/Satzung-BV-Toenisheide-12_2016.pdf\" target=\"_blank\" rel=\"noopener\">Satzung BV Toenisheide 12_2016<\/a><\/span> <strong><!-- \/wp:post-content --><\/strong><\/p>\r\n<p><!-- wp:paragraph --><\/p>\r\n<p>Hier finden sie unser aktuelles <strong>Anmeldeformular<\/strong> (2 Seiten): <br \/><span style=\"color: #000080;\"><a style=\"color: #000080;\" href=\"https:\/\/bv-toenisheide.de\/wp-content\/uploads\/2025\/03\/BV-Beitrittserklaerung-2019_v5_2025.pdf\" target=\"_blank\" rel=\"noopener\">BV Beitrittserkl\u00e4rung v5_2025<\/a><\/span><\/p>\r\n<p>Hier finden Sie unsere <strong>Information<\/strong> zur\u00a0Erhebung von personenbezogenen Daten gem\u00e4\u00df Art. 13 DS\u00adGVO: <br \/><a href=\"https:\/\/bv-toenisheide.de\/wp-content\/uploads\/2025\/10\/DSVHO-Info-\u00a713-BV-Toenisheide_2025.pdf\">DSVHO Info \u00a713 BV Toenisheide_2025<\/a><\/p>\r\n<p>&nbsp;<\/p>\r\n<hr \/>\r\n<p><strong> Online-Anmeldung<\/strong><\/p>\r\n<p><iframe style=\"width: 100%; min-height: 800px;\" src=\"https:\/\/easyverein.com\/public\/BVTOE\/applicationform\/14865?iframe=True\"><\/iframe><br \/><small><a title=\"Vereinsverwaltungssoftware easyVerein\" href=\"https:\/\/easyverein.com\">Vereinsverwaltung von easyVerein<\/a><\/small><\/p>\r\n<!-- \/wp:paragraph -->\r\n\r\n<!-- wp:paragraph -->\r\n<p><strong>Vielen Dank f\u00fcr Ihre Anmeldung !<\/strong><\/p>\r\n<hr \/>\r\n<p>&nbsp;<\/p>\r\n<!-- \/wp:paragraph -->","protected":false},"excerpt":{"rendered":"<p>&nbsp; &nbsp; &nbsp; &nbsp; Sind Sie an Ihrem Stadtteil T\u00f6nisheide interessiert? M\u00f6chten Sie f\u00fcr die B\u00fcrgerschaft t\u00e4tig werden ohne sich parteipolitisch zu binden?\u00a0 &nbsp; &nbsp; Dann werden Sie doch Mitglied im B\u00fcrgerverein T\u00f6nisheide 1907 e.V., denn der B\u00fcrgerverein vertritt die Interessen unseres Stadtteils und deshalb brauchen wir einen mitgliedsstarken Verein. Unser Verein verfolgt das Ziel, &hellip; <\/p>\n<p class=\"link-more\"><a href=\"https:\/\/bv-toenisheide.de\/BVToenisheide\/Start.html\/verein\/\" class=\"more-link\"><span class=\"screen-reader-text\">\u201eVerein &#038; Mitgliedschaft\u201c <\/span>weiterlesen<\/a><\/p>\n","protected":false},"author":1,"featured_media":0,"parent":0,"menu_order":0,"comment_status":"closed","ping_status":"closed","template":"","meta":{"jetpack_post_was_ever_published":false,"footnotes":""},"class_list":["post-27","page","type-page","status-publish","hentry"],"jetpack_sharing_enabled":true,"jetpack_shortlink":"https:\/\/wp.me\/PaAx8l-r","jetpack-related-posts":[{"id":1225,"url":"https:\/\/bv-toenisheide.de\/BVToenisheide\/Start.html\/vorstandsaemter-im-buergerverein\/","url_meta":{"origin":27,"position":0},"title":"Vorstands\u00e4mter im B\u00fcrgerverein","author":"bvadmin63","date":"Februar 8, 2025","format":false,"excerpt":"T\u00e4tigkeitsbeschreibung der Vorstandsmitglieder des B\u00fcrgervereins T\u00f6nisheide 1907 e.V. Auszug aus der aktuellen BV-Vereinssatzung (2017): \u00a7 7 Der Vorstand\u00a0 Der Vorstand besteht aus dem Vorsitzenden und mindestens 7, h\u00f6chstens aber 15 von der Versammlung mit Stimmenmehrheit gew\u00e4hlten Personen. Er vertritt den Verein gerichtlich und au\u00dfergerichtlich. Je 2 Vorstandsmitglieder sind gemeinsam vertretungsberechtigt.\u00a0\u2026","rel":"","context":"\u00c4hnlicher Beitrag","block_context":{"text":"\u00c4hnlicher Beitrag","link":""},"img":{"alt_text":"","src":"","width":0,"height":0},"classes":[]},{"id":11,"url":"https:\/\/bv-toenisheide.de\/BVToenisheide\/Start.html\/startseite\/","url_meta":{"origin":27,"position":1},"title":"B\u00fcrgerverein T\u00f6nisheide 1907 e.V.","author":"bvadmin63","date":"Januar 5, 2019","format":false,"excerpt":"Hier finden Sie aktuelle Termine, Berichte von Veranstaltungen,\u00a0Fotos aus T\u00f6nisheide und Beitr\u00e4ge zur T\u00f6nisheider Geschichte. Diese Webseiten werden zur Zeit aktualisiert und an ein neues Format angepasst. In den kommenden Wochen werden regelm\u00e4ssig neue Inhalte zu finden sein. Vielen Dank f\u00fcr Ihre Geduld, besuchen Sie uns bald wieder :).","rel":"","context":"\u00c4hnlicher Beitrag","block_context":{"text":"\u00c4hnlicher Beitrag","link":""},"img":{"alt_text":"","src":"","width":0,"height":0},"classes":[]},{"id":172,"url":"https:\/\/bv-toenisheide.de\/BVToenisheide\/Start.html\/stammtisch\/","url_meta":{"origin":27,"position":2},"title":"Stammtisch","author":"bvadmin63","date":"April 6, 2019","format":false,"excerpt":"Cafe Inside, W\u00fclfrather Stra\u00dfe Stammtisch des B\u00fcrgervereins T\u00f6nisheide *** Der Stammtisch findet zur Zeit nicht statt. *** ----------------------------------------------------------- Der monatlich stattfindende Stammtisch soll allen B\u00fcrgern, die ein Interesse an T\u00f6nisheide haben, die M\u00f6glichkeit geben, miteinander ins Gespr\u00e4ch zu kommen. Der B\u00fcrgerverein hat dabei stets ein offenes Ohr f\u00fcr W\u00fcnsche, Anregungen,\u2026","rel":"","context":"\u00c4hnlicher Beitrag","block_context":{"text":"\u00c4hnlicher Beitrag","link":""},"img":{"alt_text":"","src":"https:\/\/i0.wp.com\/bv-toenisheide.de\/wp-content\/uploads\/2019\/04\/classroom-300x224.jpg?resize=350%2C200","width":350,"height":200},"classes":[]},{"id":24,"url":"https:\/\/bv-toenisheide.de\/BVToenisheide\/Start.html\/impressum\/","url_meta":{"origin":27,"position":3},"title":"Impressum","author":"bvadmin63","date":"Januar 6, 2019","format":false,"excerpt":"f\u00fcr B\u00fcrgerverein T\u00f6nisheide 1907 e.V. Gem\u00e4\u00df \u00a7 28 BDSG widersprechen wir jeder kommerziellen Verwendung und Weitergabe unserer Daten. Verantwortungsbereich Das Impressum gilt nur f\u00fcr die Internetpr\u00e4senz unter den Adressen: http:\/\/www.bv-toenisheide.de und http:\/\/www.bv-t\u00f6nisheide.de Abgrenzung Die Web-Pr\u00e4senz ist Teil des WWW und dementsprechend mit fremden, sich jederzeit wandeln k\u00f6nnenden Web-Sites verkn\u00fcpft, die\u2026","rel":"","context":"\u00c4hnlicher Beitrag","block_context":{"text":"\u00c4hnlicher Beitrag","link":""},"img":{"alt_text":"","src":"","width":0,"height":0},"classes":[]},{"id":880,"url":"https:\/\/bv-toenisheide.de\/BVToenisheide\/Start.html\/toenisheide\/","url_meta":{"origin":27,"position":4},"title":"T\u00f6nisheide","author":"bvadmin63","date":"April 23, 2023","format":false,"excerpt":"\u00a0 T\u00f6nisheide ist ein Stadtteil der Stadt Velbert\u00a0 (Stadtbezirk Neviges) im Kreis Mettmann im Land Nordrhein-Westfalen in Deutschland. Wir empfehlen den ausf\u00fchrlichen Bericht zu T\u00f6nisheide auf: Wikipedia \"T\u00f6nisheide\" Links zu anderen T\u00f6nisheider Vereinen und Institutionen Lesezeichen \u00a0","rel":"","context":"\u00c4hnlicher Beitrag","block_context":{"text":"\u00c4hnlicher Beitrag","link":""},"img":{"alt_text":"","src":"","width":0,"height":0},"classes":[]},{"id":1255,"url":"https:\/\/bv-toenisheide.de\/BVToenisheide\/Start.html\/zusammenarbeit\/","url_meta":{"origin":27,"position":5},"title":"Velberter B\u00fcrgervereine","author":"bvadmin63","date":"Februar 24, 2025","format":false,"excerpt":"Zusammenarbeit mit anderen B\u00fcrgervereinen Bedingt durch die Aufl\u00f6sung der ARGE ( Arbeitsgemeinschaft Velberter B\u00fcrgervereine ) und dem Wegfall der Monatszeitung \u201eVelberter B\u00fcrger\u201c zum Jahresbeginn 2024, fehlt es sowohl den Vereinsvorst\u00e4nden der B\u00fcrgervereine, aber auch allen Mitgliedern an Informationen \u00fcber durchgef\u00fchrte und geplante Aktivit\u00e4ten in den einzelnen Vereinen.Es wurde deshalb auf\u2026","rel":"","context":"\u00c4hnlicher Beitrag","block_context":{"text":"\u00c4hnlicher Beitrag","link":""},"img":{"alt_text":"","src":"https:\/\/i0.wp.com\/bv-toenisheide.de\/wp-content\/uploads\/2025\/03\/PHOTO-2025-02-12-23-25-05-150x150.jpg?resize=350%2C200&ssl=1","width":350,"height":200},"classes":[]}],"_links":{"self":[{"href":"https:\/\/bv-toenisheide.de\/BVToenisheide\/Start.html\/wp-json\/wp\/v2\/pages\/27","targetHints":{"allow":["GET"]}}],"collection":[{"href":"https:\/\/bv-toenisheide.de\/BVToenisheide\/Start.html\/wp-json\/wp\/v2\/pages"}],"about":[{"href":"https:\/\/bv-toenisheide.de\/BVToenisheide\/Start.html\/wp-json\/wp\/v2\/types\/page"}],"author":[{"embeddable":true,"href":"https:\/\/bv-toenisheide.de\/BVToenisheide\/Start.html\/wp-json\/wp\/v2\/users\/1"}],"replies":[{"embeddable":true,"href":"https:\/\/bv-toenisheide.de\/BVToenisheide\/Start.html\/wp-json\/wp\/v2\/comments?post=27"}],"version-history":[{"count":30,"href":"https:\/\/bv-toenisheide.de\/BVToenisheide\/Start.html\/wp-json\/wp\/v2\/pages\/27\/revisions"}],"predecessor-version":[{"id":1492,"href":"https:\/\/bv-toenisheide.de\/BVToenisheide\/Start.html\/wp-json\/wp\/v2\/pages\/27\/revisions\/1492"}],"wp:attachment":[{"href":"https:\/\/bv-toenisheide.de\/BVToenisheide\/Start.html\/wp-json\/wp\/v2\/media?parent=27"}],"curies":[{"name":"wp","href":"https:\/\/api.w.org\/{rel}","templated":true}]}}