{"id":428,"date":"2020-09-14T18:25:49","date_gmt":"2020-09-14T18:25:49","guid":{"rendered":"https:\/\/bv-toenisheide.de\/?page_id=428"},"modified":"2025-06-02T19:25:49","modified_gmt":"2025-06-02T19:25:49","slug":"schaukasten","status":"publish","type":"page","link":"https:\/\/bv-toenisheide.de\/BVToenisheide\/Start.html\/schaukasten\/","title":{"rendered":"Schaukasten"},"content":{"rendered":"<p>&nbsp;<\/p>\n<p><img data-recalc-dims=\"1\" loading=\"lazy\" decoding=\"async\" data-attachment-id=\"438\" data-permalink=\"https:\/\/bv-toenisheide.de\/BVToenisheide\/Start.html\/neuigkeiten\/img_6092\/\" data-orig-file=\"https:\/\/i0.wp.com\/bv-toenisheide.de\/wp-content\/uploads\/2020\/09\/IMG_6092-scaled.jpeg?fit=2525%2C2560&amp;ssl=1\" data-orig-size=\"2525,2560\" data-comments-opened=\"1\" data-image-meta=\"{&quot;aperture&quot;:&quot;1.8&quot;,&quot;credit&quot;:&quot;&quot;,&quot;camera&quot;:&quot;iPhone 8&quot;,&quot;caption&quot;:&quot;&quot;,&quot;created_timestamp&quot;:&quot;1597584478&quot;,&quot;copyright&quot;:&quot;&quot;,&quot;focal_length&quot;:&quot;3.99&quot;,&quot;iso&quot;:&quot;20&quot;,&quot;shutter_speed&quot;:&quot;0.0012706480304956&quot;,&quot;title&quot;:&quot;&quot;,&quot;orientation&quot;:&quot;0&quot;}\" data-image-title=\"IMG_6092\" data-image-description=\"\" data-image-caption=\"\" data-large-file=\"https:\/\/i0.wp.com\/bv-toenisheide.de\/wp-content\/uploads\/2020\/09\/IMG_6092-scaled.jpeg?fit=525%2C532&amp;ssl=1\" class=\"alignnone size-medium wp-image-438\" src=\"https:\/\/i0.wp.com\/bv-toenisheide.de\/wp-content\/uploads\/2020\/09\/IMG_6092.jpeg?resize=296%2C300&#038;ssl=1\" alt=\"\" width=\"296\" height=\"300\" srcset=\"https:\/\/i0.wp.com\/bv-toenisheide.de\/wp-content\/uploads\/2020\/09\/IMG_6092-scaled.jpeg?resize=296%2C300&amp;ssl=1 296w, https:\/\/i0.wp.com\/bv-toenisheide.de\/wp-content\/uploads\/2020\/09\/IMG_6092-scaled.jpeg?resize=1010%2C1024&amp;ssl=1 1010w, https:\/\/i0.wp.com\/bv-toenisheide.de\/wp-content\/uploads\/2020\/09\/IMG_6092-scaled.jpeg?resize=768%2C779&amp;ssl=1 768w, https:\/\/i0.wp.com\/bv-toenisheide.de\/wp-content\/uploads\/2020\/09\/IMG_6092-scaled.jpeg?resize=1515%2C1536&amp;ssl=1 1515w, https:\/\/i0.wp.com\/bv-toenisheide.de\/wp-content\/uploads\/2020\/09\/IMG_6092-scaled.jpeg?resize=2020%2C2048&amp;ssl=1 2020w, https:\/\/i0.wp.com\/bv-toenisheide.de\/wp-content\/uploads\/2020\/09\/IMG_6092-scaled.jpeg?resize=100%2C100&amp;ssl=1 100w, https:\/\/i0.wp.com\/bv-toenisheide.de\/wp-content\/uploads\/2020\/09\/IMG_6092-scaled.jpeg?w=1575&amp;ssl=1 1575w\" sizes=\"auto, (max-width: 296px) 100vw, 296px\" \/><\/p>\n<p><a href=\"https:\/\/bv-toenisheide.de\/wp-content\/uploads\/2025\/06\/Aushang-Termine-2025-05-01.pdf\">Aushang-Termine-2025-05-01<\/a><\/p>\n<p>&nbsp;<\/p>\n<p>&nbsp;<\/p>\n<p>&nbsp;<\/p>\n","protected":false},"excerpt":{"rendered":"<p>&nbsp; Aushang-Termine-2025-05-01 &nbsp; &nbsp; &nbsp;<\/p>\n","protected":false},"author":1,"featured_media":0,"parent":0,"menu_order":0,"comment_status":"closed","ping_status":"closed","template":"","meta":{"footnotes":""},"class_list":["post-428","page","type-page","status-publish","hentry"],"jetpack_sharing_enabled":true,"jetpack_shortlink":"https:\/\/wp.me\/PaAx8l-6U","jetpack-related-posts":[{"id":432,"url":"https:\/\/bv-toenisheide.de\/BVToenisheide\/Start.html\/neuigkeiten\/","url_meta":{"origin":428,"position":0},"title":"Neuigkeiten","author":"bvadmin63","date":"September 14, 2020","format":false,"excerpt":"Hier finden Sie aktuelle Informationen zum \"Stammtisch\" und unsere Aush\u00e4nge im BV-Schaukasten. \u00a0 \u00a0 \u00a0Stammtisch \u00a0 \u00a0\u00a0Schaukasten \u00a0","rel":"","context":"\u00c4hnlicher Beitrag","block_context":{"text":"\u00c4hnlicher Beitrag","link":""},"img":{"alt_text":"","src":"https:\/\/i0.wp.com\/bv-toenisheide.de\/wp-content\/uploads\/2019\/04\/classroom-150x150.jpg?resize=350%2C200&ssl=1","width":350,"height":200},"classes":[]},{"id":48,"url":"https:\/\/bv-toenisheide.de\/BVToenisheide\/Start.html\/termine\/","url_meta":{"origin":428,"position":1},"title":"Termine","author":"bvadmin63","date":"Januar 12, 2019","format":false,"excerpt":"2026 Termine der Vorstandssitzungen: \u00a0 \u00a0 am ersten Dienstag eines Monats um 19:30 Uhrim \u00a0evangelischen Gemeindehaus, Kuhlendahler Str. Termine 2026: \u00a0 Stammtisch zur Zeit findet kein Stammtisch statt Veranstaltungstermine 2026(die Liste wird regelm\u00e4\u00dfig aktualisiert) 07.Februar \u00a0 \u00a0 \u00a0 \u00a0 \u00a0 \"Winter-Angrillen\", ab 16:00 Uhr, \u00a0 \u00a0 \u00a0 \u00a0 \u00a0 \u00a0\u2026","rel":"","context":"\u00c4hnlicher Beitrag","block_context":{"text":"\u00c4hnlicher Beitrag","link":""},"img":{"alt_text":"","src":"https:\/\/i0.wp.com\/bv-toenisheide.de\/wp-content\/uploads\/2026\/02\/Screenshot_20260201_110156_Gallery-150x150.jpg?resize=350%2C200&ssl=1","width":350,"height":200},"classes":[]},{"id":11,"url":"https:\/\/bv-toenisheide.de\/BVToenisheide\/Start.html\/startseite\/","url_meta":{"origin":428,"position":2},"title":"B\u00fcrgerverein T\u00f6nisheide 1907 e.V.","author":"bvadmin63","date":"Januar 5, 2019","format":false,"excerpt":"Hier finden Sie aktuelle Termine, Berichte von Veranstaltungen,\u00a0Fotos aus T\u00f6nisheide und Beitr\u00e4ge zur T\u00f6nisheider Geschichte. Diese Webseiten werden zur Zeit aktualisiert und an ein neues Format angepasst. In den kommenden Wochen werden regelm\u00e4ssig neue Inhalte zu finden sein. Vielen Dank f\u00fcr Ihre Geduld, besuchen Sie uns bald wieder :).","rel":"","context":"\u00c4hnlicher Beitrag","block_context":{"text":"\u00c4hnlicher Beitrag","link":""},"img":{"alt_text":"","src":"","width":0,"height":0},"classes":[]},{"id":1255,"url":"https:\/\/bv-toenisheide.de\/BVToenisheide\/Start.html\/zusammenarbeit\/","url_meta":{"origin":428,"position":3},"title":"Velberter B\u00fcrgervereine","author":"bvadmin63","date":"Februar 24, 2025","format":false,"excerpt":"Zusammenarbeit mit anderen B\u00fcrgervereinen Bedingt durch die Aufl\u00f6sung der ARGE ( Arbeitsgemeinschaft Velberter B\u00fcrgervereine ) und dem Wegfall der Monatszeitung \u201eVelberter B\u00fcrger\u201c zum Jahresbeginn 2024, fehlt es sowohl den Vereinsvorst\u00e4nden der B\u00fcrgervereine, aber auch allen Mitgliedern an Informationen \u00fcber durchgef\u00fchrte und geplante Aktivit\u00e4ten in den einzelnen Vereinen.Es wurde deshalb auf\u2026","rel":"","context":"\u00c4hnlicher Beitrag","block_context":{"text":"\u00c4hnlicher Beitrag","link":""},"img":{"alt_text":"","src":"https:\/\/i0.wp.com\/bv-toenisheide.de\/wp-content\/uploads\/2025\/03\/PHOTO-2025-02-12-23-25-05-150x150.jpg?resize=350%2C200&ssl=1","width":350,"height":200},"classes":[]}],"_links":{"self":[{"href":"https:\/\/bv-toenisheide.de\/BVToenisheide\/Start.html\/wp-json\/wp\/v2\/pages\/428","targetHints":{"allow":["GET"]}}],"collection":[{"href":"https:\/\/bv-toenisheide.de\/BVToenisheide\/Start.html\/wp-json\/wp\/v2\/pages"}],"about":[{"href":"https:\/\/bv-toenisheide.de\/BVToenisheide\/Start.html\/wp-json\/wp\/v2\/types\/page"}],"author":[{"embeddable":true,"href":"https:\/\/bv-toenisheide.de\/BVToenisheide\/Start.html\/wp-json\/wp\/v2\/users\/1"}],"replies":[{"embeddable":true,"href":"https:\/\/bv-toenisheide.de\/BVToenisheide\/Start.html\/wp-json\/wp\/v2\/comments?post=428"}],"version-history":[{"count":4,"href":"https:\/\/bv-toenisheide.de\/BVToenisheide\/Start.html\/wp-json\/wp\/v2\/pages\/428\/revisions"}],"predecessor-version":[{"id":1403,"href":"https:\/\/bv-toenisheide.de\/BVToenisheide\/Start.html\/wp-json\/wp\/v2\/pages\/428\/revisions\/1403"}],"wp:attachment":[{"href":"https:\/\/bv-toenisheide.de\/BVToenisheide\/Start.html\/wp-json\/wp\/v2\/media?parent=428"}],"curies":[{"name":"wp","href":"https:\/\/api.w.org\/{rel}","templated":true}]}}