{"id":853,"date":"2023-03-15T17:12:23","date_gmt":"2023-03-15T17:12:23","guid":{"rendered":"https:\/\/bv-toenisheide.de\/?page_id=853"},"modified":"2023-03-15T17:12:23","modified_gmt":"2023-03-15T17:12:23","slug":"balkonkraftwerke","status":"publish","type":"page","link":"https:\/\/bv-toenisheide.de\/BVToenisheide\/Start.html\/balkonkraftwerke\/","title":{"rendered":"Balkonkraftwerke"},"content":{"rendered":"<p><a href=\"https:\/\/i0.wp.com\/bv-toenisheide.de\/wp-content\/uploads\/2023\/03\/AdobeStock_570739715-scaled.jpeg?ssl=1\"><img data-recalc-dims=\"1\" loading=\"lazy\" decoding=\"async\" data-attachment-id=\"854\" data-permalink=\"https:\/\/bv-toenisheide.de\/BVToenisheide\/Start.html\/balkonkraftwerke\/balkonkraftwerk-solarpannel-solarenergie-gruene-energie\/\" data-orig-file=\"https:\/\/i0.wp.com\/bv-toenisheide.de\/wp-content\/uploads\/2023\/03\/AdobeStock_570739715-scaled.jpeg?fit=2560%2C1707&amp;ssl=1\" data-orig-size=\"2560,1707\" data-comments-opened=\"0\" data-image-meta=\"{&quot;aperture&quot;:&quot;16&quot;,&quot;credit&quot;:&quot;PixelboxStockFootage - stock.ado&quot;,&quot;camera&quot;:&quot;Canon EOS 5D Mark II&quot;,&quot;caption&quot;:&quot;&quot;,&quot;created_timestamp&quot;:&quot;1675850222&quot;,&quot;copyright&quot;:&quot;&quot;,&quot;focal_length&quot;:&quot;60&quot;,&quot;iso&quot;:&quot;125&quot;,&quot;shutter_speed&quot;:&quot;0.033333333333333&quot;,&quot;title&quot;:&quot;Balkonkraftwerk \/ Solarpannel \/ Solarenergie \/ Gr\\u00fcne Energie \/&quot;,&quot;orientation&quot;:&quot;1&quot;}\" data-image-title=\"Balkonkraftwerk \/ Solarpannel \/ Solarenergie \/ Gr\u00fcne Energie \/\" data-image-description=\"\" data-image-caption=\"\" data-large-file=\"https:\/\/i0.wp.com\/bv-toenisheide.de\/wp-content\/uploads\/2023\/03\/AdobeStock_570739715-scaled.jpeg?fit=525%2C350&amp;ssl=1\" class=\"alignnone wp-image-854 size-large\" src=\"https:\/\/i0.wp.com\/bv-toenisheide.de\/wp-content\/uploads\/2023\/03\/AdobeStock_570739715.jpeg?resize=525%2C350&#038;ssl=1\" alt=\"\" width=\"525\" height=\"350\" srcset=\"https:\/\/i0.wp.com\/bv-toenisheide.de\/wp-content\/uploads\/2023\/03\/AdobeStock_570739715-scaled.jpeg?resize=1024%2C683&amp;ssl=1 1024w, https:\/\/i0.wp.com\/bv-toenisheide.de\/wp-content\/uploads\/2023\/03\/AdobeStock_570739715-scaled.jpeg?resize=300%2C200&amp;ssl=1 300w, https:\/\/i0.wp.com\/bv-toenisheide.de\/wp-content\/uploads\/2023\/03\/AdobeStock_570739715-scaled.jpeg?resize=768%2C512&amp;ssl=1 768w, https:\/\/i0.wp.com\/bv-toenisheide.de\/wp-content\/uploads\/2023\/03\/AdobeStock_570739715-scaled.jpeg?resize=1536%2C1024&amp;ssl=1 1536w, https:\/\/i0.wp.com\/bv-toenisheide.de\/wp-content\/uploads\/2023\/03\/AdobeStock_570739715-scaled.jpeg?resize=2048%2C1365&amp;ssl=1 2048w\" sizes=\"auto, (max-width: 525px) 100vw, 525px\" \/><\/a><\/p>\n<p><strong>Informationen<\/strong> <strong>zum Vortrag von Fr. Uebach, Energieberaterin der Verbraucherberatung des Kreises Mettmann im Rahmen unserer Hauptversammlung am 08.03.2023:<\/strong><\/p>\n<p>DGS \u2013 Markt\u00fcbersicht: \u00a0<a href=\"http:\/\/www.pvplug.de\">www.pvplug.de<\/a><\/p>\n<p>Eintragen ins Marktstammdatenregister der Bundesnetzagentur online unter <a href=\"http:\/\/www.marktstammdatenregister.de\">www.marktstammdatenregister.de<\/a><\/p>\n<p>Anmeldung beim Netzbetreiber &#8211; in Velbert sind dies die Stadtwerke Velbert <a href=\"http:\/\/www.stadtwerke-velbert.de\/netze\/stromnetz\">www.stadtwerke-velbert.de\/netze\/stromnetz<\/a><\/p>\n<p>&nbsp;<\/p>\n<p>Weitere Informationen unter <a href=\"http:\/\/www.verbraucherzentrale.nrw\/steckersolar\">www.verbraucherzentrale.nrw\/steckersolar<\/a><\/p>\n<p>Veranstaltungen: \u00a0<a href=\"http:\/\/www.verbraucherzentrale.nrw\/veranstaltungen\">www.verbraucherzentrale.nrw\/veranstaltungen<\/a><br \/>\nNachlesen: <a href=\"http:\/\/www.verbraucherzentrale.de\/wissen\">\u00a0www.verbraucherzentrale.de\/wissen<\/a><\/p>\n<p>individuelle Energieberatungstermine: <a href=\"http:\/\/www.verbraucherzentrale.nrw\/termin-vereinbaren-68144\">www.verbraucherzentrale.nrw\/termin-vereinbaren-68144<\/a><\/p>\n<p>Kontakt:<br \/>\nIsabelle Uebach: \u00a0ratingen.Energie@verbraucherzentrale.nrw<\/p>\n<p>&nbsp;<\/p>\n","protected":false},"excerpt":{"rendered":"<p>Informationen zum Vortrag von Fr. Uebach, Energieberaterin der Verbraucherberatung des Kreises Mettmann im Rahmen unserer Hauptversammlung am 08.03.2023: DGS \u2013 Markt\u00fcbersicht: \u00a0www.pvplug.de Eintragen ins Marktstammdatenregister der Bundesnetzagentur online unter www.marktstammdatenregister.de Anmeldung beim Netzbetreiber &#8211; in Velbert sind dies die Stadtwerke Velbert www.stadtwerke-velbert.de\/netze\/stromnetz &nbsp; Weitere Informationen unter www.verbraucherzentrale.nrw\/steckersolar Veranstaltungen: \u00a0www.verbraucherzentrale.nrw\/veranstaltungen Nachlesen: \u00a0www.verbraucherzentrale.de\/wissen individuelle Energieberatungstermine: www.verbraucherzentrale.nrw\/termin-vereinbaren-68144 Kontakt: &hellip; <\/p>\n<p class=\"link-more\"><a href=\"https:\/\/bv-toenisheide.de\/BVToenisheide\/Start.html\/balkonkraftwerke\/\" class=\"more-link\"><span class=\"screen-reader-text\">\u201eBalkonkraftwerke\u201c <\/span>weiterlesen<\/a><\/p>\n","protected":false},"author":1,"featured_media":0,"parent":0,"menu_order":0,"comment_status":"closed","ping_status":"closed","template":"","meta":{"jetpack_post_was_ever_published":false,"footnotes":""},"class_list":["post-853","page","type-page","status-publish","hentry"],"jetpack_sharing_enabled":true,"jetpack_shortlink":"https:\/\/wp.me\/PaAx8l-dL","jetpack-related-posts":[{"id":24,"url":"https:\/\/bv-toenisheide.de\/BVToenisheide\/Start.html\/impressum\/","url_meta":{"origin":853,"position":0},"title":"Impressum","author":"bvadmin63","date":"Januar 6, 2019","format":false,"excerpt":"f\u00fcr B\u00fcrgerverein T\u00f6nisheide 1907 e.V. Gem\u00e4\u00df \u00a7 28 BDSG widersprechen wir jeder kommerziellen Verwendung und Weitergabe unserer Daten. Verantwortungsbereich Das Impressum gilt nur f\u00fcr die Internetpr\u00e4senz unter den Adressen: http:\/\/www.bv-toenisheide.de und http:\/\/www.bv-t\u00f6nisheide.de Abgrenzung Die Web-Pr\u00e4senz ist Teil des WWW und dementsprechend mit fremden, sich jederzeit wandeln k\u00f6nnenden Web-Sites verkn\u00fcpft, die\u2026","rel":"","context":"\u00c4hnlicher Beitrag","block_context":{"text":"\u00c4hnlicher Beitrag","link":""},"img":{"alt_text":"","src":"","width":0,"height":0},"classes":[]},{"id":264,"url":"https:\/\/bv-toenisheide.de\/BVToenisheide\/Start.html\/buergerfest\/","url_meta":{"origin":853,"position":1},"title":"B\u00fcrgerfest","author":"bvadmin63","date":"August 11, 2019","format":false,"excerpt":"B\u00fcrgerfest 2019 \u00a0 Samstag: \u00a0\u00a0ab 18:00 Uhr bis ca 22:00 Uhr auf dem Kirchplatz LIVE Musik mit JetSet\u00a0aus Neviges und DJ Andi am Mischpult \"Rudelsingen\" nach Einbruch der Dunkelheit !! Eintritt frei! F\u00fcr Verpflegung ist gesorgt: Getr\u00e4nke, Grillwurst, Kartoffelst\u00e4bchen !! Sonntag: \u00a0 ab 11:00 Uhr bis ca. 16:00 Uhr Kirchplatz\u2026","rel":"","context":"\u00c4hnlicher Beitrag","block_context":{"text":"\u00c4hnlicher Beitrag","link":""},"img":{"alt_text":"","src":"https:\/\/i0.wp.com\/bv-toenisheide.de\/wp-content\/uploads\/2019\/09\/Poster-B%C3%BCFe-2019_col-726x1024.jpg?resize=350%2C200","width":350,"height":200,"srcset":"https:\/\/i0.wp.com\/bv-toenisheide.de\/wp-content\/uploads\/2019\/09\/Poster-B%C3%BCFe-2019_col-726x1024.jpg?resize=350%2C200 1x, https:\/\/i0.wp.com\/bv-toenisheide.de\/wp-content\/uploads\/2019\/09\/Poster-B%C3%BCFe-2019_col-726x1024.jpg?resize=525%2C300 1.5x"},"classes":[]},{"id":48,"url":"https:\/\/bv-toenisheide.de\/BVToenisheide\/Start.html\/termine\/","url_meta":{"origin":853,"position":2},"title":"Termine","author":"bvadmin63","date":"Januar 12, 2019","format":false,"excerpt":"2026 Termine der Vorstandssitzungen: \u00a0 \u00a0 am ersten Dienstag eines Monats um 19:30 Uhrim \u00a0evangelischen Gemeindehaus, Kuhlendahler Str. Termine 2026: \u00a0 Stammtisch zur Zeit findet kein Stammtisch statt Veranstaltungstermine 2026(die Liste wird regelm\u00e4\u00dfig aktualisiert) 07.Februar \u00a0 \u00a0 \u00a0 \u00a0 \u00a0 \"Winter-Angrillen\", ab 16:00 Uhr, \u00a0 \u00a0 \u00a0 \u00a0 \u00a0 \u00a0\u2026","rel":"","context":"\u00c4hnlicher Beitrag","block_context":{"text":"\u00c4hnlicher Beitrag","link":""},"img":{"alt_text":"","src":"https:\/\/i0.wp.com\/bv-toenisheide.de\/wp-content\/uploads\/2026\/02\/Screenshot_20260201_110156_Gallery-150x150.jpg?resize=350%2C200&ssl=1","width":350,"height":200},"classes":[]},{"id":20,"url":"https:\/\/bv-toenisheide.de\/BVToenisheide\/Start.html\/datenschutzerklaerung\/","url_meta":{"origin":853,"position":3},"title":"Datenschutzerkl\u00e4rung","author":"bvadmin63","date":"Januar 5, 2019","format":false,"excerpt":"Die Adresse unserer Website ist: http:\/\/bv-toenisheide.de Datenschutzerkl\u00e4rung Diese Datenschutzerkl\u00e4rung kl\u00e4rt Sie \u00fcber die Art, den Umfang und Zweck der Verarbeitung von personenbezogenen Daten (nachfolgend kurz \u201eDaten\u201c) innerhalb unseres Onlineangebotes und der mit ihm verbundenen Webseiten, Funktionen und Inhalte sowie externen Onlinepr\u00e4senzen, wie z.B. unser Social Media Profile auf. (nachfolgend gemeinsam\u2026","rel":"","context":"\u00c4hnlicher Beitrag","block_context":{"text":"\u00c4hnlicher Beitrag","link":""},"img":{"alt_text":"","src":"","width":0,"height":0},"classes":[]},{"id":1225,"url":"https:\/\/bv-toenisheide.de\/BVToenisheide\/Start.html\/vorstandsaemter-im-buergerverein\/","url_meta":{"origin":853,"position":4},"title":"Vorstands\u00e4mter im B\u00fcrgerverein","author":"bvadmin63","date":"Februar 8, 2025","format":false,"excerpt":"T\u00e4tigkeitsbeschreibung der Vorstandsmitglieder des B\u00fcrgervereins T\u00f6nisheide 1907 e.V. Auszug aus der aktuellen BV-Vereinssatzung (2017): \u00a7 7 Der Vorstand\u00a0 Der Vorstand besteht aus dem Vorsitzenden und mindestens 7, h\u00f6chstens aber 15 von der Versammlung mit Stimmenmehrheit gew\u00e4hlten Personen. Er vertritt den Verein gerichtlich und au\u00dfergerichtlich. Je 2 Vorstandsmitglieder sind gemeinsam vertretungsberechtigt.\u00a0\u2026","rel":"","context":"\u00c4hnlicher Beitrag","block_context":{"text":"\u00c4hnlicher Beitrag","link":""},"img":{"alt_text":"","src":"","width":0,"height":0},"classes":[]},{"id":880,"url":"https:\/\/bv-toenisheide.de\/BVToenisheide\/Start.html\/toenisheide\/","url_meta":{"origin":853,"position":5},"title":"T\u00f6nisheide","author":"bvadmin63","date":"April 23, 2023","format":false,"excerpt":"\u00a0 T\u00f6nisheide ist ein Stadtteil der Stadt Velbert\u00a0 (Stadtbezirk Neviges) im Kreis Mettmann im Land Nordrhein-Westfalen in Deutschland. Wir empfehlen den ausf\u00fchrlichen Bericht zu T\u00f6nisheide auf: Wikipedia \"T\u00f6nisheide\" Links zu anderen T\u00f6nisheider Vereinen und Institutionen Lesezeichen \u00a0","rel":"","context":"\u00c4hnlicher Beitrag","block_context":{"text":"\u00c4hnlicher Beitrag","link":""},"img":{"alt_text":"","src":"","width":0,"height":0},"classes":[]}],"_links":{"self":[{"href":"https:\/\/bv-toenisheide.de\/BVToenisheide\/Start.html\/wp-json\/wp\/v2\/pages\/853","targetHints":{"allow":["GET"]}}],"collection":[{"href":"https:\/\/bv-toenisheide.de\/BVToenisheide\/Start.html\/wp-json\/wp\/v2\/pages"}],"about":[{"href":"https:\/\/bv-toenisheide.de\/BVToenisheide\/Start.html\/wp-json\/wp\/v2\/types\/page"}],"author":[{"embeddable":true,"href":"https:\/\/bv-toenisheide.de\/BVToenisheide\/Start.html\/wp-json\/wp\/v2\/users\/1"}],"replies":[{"embeddable":true,"href":"https:\/\/bv-toenisheide.de\/BVToenisheide\/Start.html\/wp-json\/wp\/v2\/comments?post=853"}],"version-history":[{"count":1,"href":"https:\/\/bv-toenisheide.de\/BVToenisheide\/Start.html\/wp-json\/wp\/v2\/pages\/853\/revisions"}],"predecessor-version":[{"id":855,"href":"https:\/\/bv-toenisheide.de\/BVToenisheide\/Start.html\/wp-json\/wp\/v2\/pages\/853\/revisions\/855"}],"wp:attachment":[{"href":"https:\/\/bv-toenisheide.de\/BVToenisheide\/Start.html\/wp-json\/wp\/v2\/media?parent=853"}],"curies":[{"name":"wp","href":"https:\/\/api.w.org\/{rel}","templated":true}]}}