{"id":940,"date":"2023-12-21T14:48:50","date_gmt":"2023-12-21T14:48:50","guid":{"rendered":"https:\/\/bv-toenisheide.de\/?page_id=940"},"modified":"2026-04-02T17:41:55","modified_gmt":"2026-04-02T17:41:55","slug":"toenisheider-bote","status":"publish","type":"page","link":"https:\/\/bv-toenisheide.de\/BVToenisheide\/Start.html\/toenisheider-bote\/","title":{"rendered":"T\u00f6nisheider Bote"},"content":{"rendered":"\r\n<p>&nbsp;<\/p>\r\n\r\n\r\n\r\n<p><strong>Hier finden Sie die aktuelle Ausgabe des &#8222;T\u00f6nisheider Boten&#8220;<\/strong> <br \/>als Online-Lekt\u00fcre im PDF-Betrachter mit Fotos in geringerer Aufl\u00f6sung<br \/>und weiter unten auf dieser Seite \u00a0als Download in voller Aufl\u00f6sung \u00a0(mit l\u00e4ngerer Ladezeit!).<\/p>\r\n\r\n\r\n\r\n<p><span style=\"color: #808000;\"><strong>Viel Spa\u00df bei der Lekt\u00fcre!<\/strong><\/span><\/p>\r\n\r\n\r\n\r\n<p><span style=\"color: #0000ff;\"><strong>PDF Betrachter\u00a0<\/strong> mit niedrigerer Aufl\u00f6sung der Fotos, Druckfunktion und Download-M\u00f6glichkeit in der oberen Men\u00fczeile.<\/span><\/p>\r\n\r\n\r\n\r\n<div class=\"wp-block-algori-pdf-viewer-block-algori-pdf-viewer\"><iframe class=\"wp-block-algori-pdf-viewer-block-algori-pdf-viewer-iframe\" style=\"width: 1400px; height: 900px;\" src=\"https:\/\/bv-toenisheide.de\/wp-content\/plugins\/algori-pdf-viewer\/dist\/web\/viewer.html?file=https%3A%2F%2Fbv-toenisheide.de%2Fwp-content%2Fuploads%2F2026%2F03%2FToeBote-Nr.9_download.pdf\"><\/iframe><\/div>\r\n<div>\u00a0<\/div>\r\n<div>\u00a0<\/div>\r\n<div><span style=\"color: #0000ff;\"><strong>PDF Download\u00a0<\/strong> mit hoher Aufl\u00f6sung der Fotos in der Druckversion, mit l\u00e4ngerer Ladezeit und h\u00f6herem Datenverbrauch!<br \/><\/span><\/div>\r\n<div>\u00a0<\/div>\r\n<div><a href=\"https:\/\/bv-toenisheide.de\/wp-content\/uploads\/2026\/03\/ToeBote-Nr.9_druck.pdf\">T\u00f6nisheiderBote Nr.9_druck (100 MB)<\/a><\/div>\r\n<div>\u00a0<\/div>\r\n<div><a href=\"https:\/\/bv-toenisheide.de\/wp-content\/uploads\/2025\/12\/ToeBote-Nr.8_download.pdf\">T\u00f6nisheiderBote Nr.8_druck (80 MB)<\/a><\/div>\r\n<div>\u00a0<\/div>\r\n<div><a href=\"https:\/\/bv-toenisheide.de\/wp-content\/uploads\/2025\/09\/ToeBote-Nr.7_PDFdownload.pdf\">T\u00f6nisheiderBote Nr.7_druck (80 MB)<\/a><\/div>\r\n<div>\u00a0<\/div>\r\n<p>&#8230;<\/p>\r\n<p>&nbsp;<\/p>\r\n<p>\r\n\r\n<\/p>\r\n<p><a href=\"https:\/\/bv-toenisheide.de\/wp-content\/uploads\/2024\/01\/vb-12-2023-online.pdf\">VelberterB\u00fcrger_Bericht-12-2023<\/a><\/p>\r\n<p><\/p>\r\n<p>&nbsp;<\/p>\r\n<p>&#8212;&#8212;&#8212;&#8212;&#8212;&#8212;&#8212;&#8212;<\/p>","protected":false},"excerpt":{"rendered":"<p>&nbsp; Hier finden Sie die aktuelle Ausgabe des &#8222;T\u00f6nisheider Boten&#8220; als Online-Lekt\u00fcre im PDF-Betrachter mit Fotos in geringerer Aufl\u00f6sungund weiter unten auf dieser Seite \u00a0als Download in voller Aufl\u00f6sung \u00a0(mit l\u00e4ngerer Ladezeit!). Viel Spa\u00df bei der Lekt\u00fcre! PDF Betrachter\u00a0 mit niedrigerer Aufl\u00f6sung der Fotos, Druckfunktion und Download-M\u00f6glichkeit in der oberen Men\u00fczeile. VelberterB\u00fcrger_Bericht-12-2023 &nbsp; &#8212;&#8212;&#8212;&#8212;&#8212;&#8212;&#8212;&#8212;<\/p>\n","protected":false},"author":1,"featured_media":0,"parent":0,"menu_order":0,"comment_status":"closed","ping_status":"closed","template":"","meta":{"jetpack_post_was_ever_published":false,"footnotes":""},"class_list":["post-940","page","type-page","status-publish","hentry"],"jetpack_sharing_enabled":true,"jetpack_shortlink":"https:\/\/wp.me\/PaAx8l-fa","jetpack-related-posts":[{"id":1255,"url":"https:\/\/bv-toenisheide.de\/BVToenisheide\/Start.html\/zusammenarbeit\/","url_meta":{"origin":940,"position":0},"title":"Velberter B\u00fcrgervereine","author":"bvadmin63","date":"Februar 24, 2025","format":false,"excerpt":"Zusammenarbeit mit anderen B\u00fcrgervereinen Bedingt durch die Aufl\u00f6sung der ARGE ( Arbeitsgemeinschaft Velberter B\u00fcrgervereine ) und dem Wegfall der Monatszeitung \u201eVelberter B\u00fcrger\u201c zum Jahresbeginn 2024, fehlt es sowohl den Vereinsvorst\u00e4nden der B\u00fcrgervereine, aber auch allen Mitgliedern an Informationen \u00fcber durchgef\u00fchrte und geplante Aktivit\u00e4ten in den einzelnen Vereinen.Es wurde deshalb auf\u2026","rel":"","context":"\u00c4hnlicher Beitrag","block_context":{"text":"\u00c4hnlicher Beitrag","link":""},"img":{"alt_text":"","src":"https:\/\/i0.wp.com\/bv-toenisheide.de\/wp-content\/uploads\/2025\/03\/PHOTO-2025-02-12-23-25-05-150x150.jpg?resize=350%2C200&ssl=1","width":350,"height":200},"classes":[]},{"id":264,"url":"https:\/\/bv-toenisheide.de\/BVToenisheide\/Start.html\/buergerfest\/","url_meta":{"origin":940,"position":1},"title":"B\u00fcrgerfest","author":"bvadmin63","date":"August 11, 2019","format":false,"excerpt":"B\u00fcrgerfest 2019 \u00a0 Samstag: \u00a0\u00a0ab 18:00 Uhr bis ca 22:00 Uhr auf dem Kirchplatz LIVE Musik mit JetSet\u00a0aus Neviges und DJ Andi am Mischpult \"Rudelsingen\" nach Einbruch der Dunkelheit !! Eintritt frei! F\u00fcr Verpflegung ist gesorgt: Getr\u00e4nke, Grillwurst, Kartoffelst\u00e4bchen !! Sonntag: \u00a0 ab 11:00 Uhr bis ca. 16:00 Uhr Kirchplatz\u2026","rel":"","context":"\u00c4hnlicher Beitrag","block_context":{"text":"\u00c4hnlicher Beitrag","link":""},"img":{"alt_text":"","src":"https:\/\/i0.wp.com\/bv-toenisheide.de\/wp-content\/uploads\/2019\/09\/Poster-B%C3%BCFe-2019_col-726x1024.jpg?resize=350%2C200","width":350,"height":200,"srcset":"https:\/\/i0.wp.com\/bv-toenisheide.de\/wp-content\/uploads\/2019\/09\/Poster-B%C3%BCFe-2019_col-726x1024.jpg?resize=350%2C200 1x, https:\/\/i0.wp.com\/bv-toenisheide.de\/wp-content\/uploads\/2019\/09\/Poster-B%C3%BCFe-2019_col-726x1024.jpg?resize=525%2C300 1.5x"},"classes":[]},{"id":880,"url":"https:\/\/bv-toenisheide.de\/BVToenisheide\/Start.html\/toenisheide\/","url_meta":{"origin":940,"position":2},"title":"T\u00f6nisheide","author":"bvadmin63","date":"April 23, 2023","format":false,"excerpt":"\u00a0 T\u00f6nisheide ist ein Stadtteil der Stadt Velbert\u00a0 (Stadtbezirk Neviges) im Kreis Mettmann im Land Nordrhein-Westfalen in Deutschland. Wir empfehlen den ausf\u00fchrlichen Bericht zu T\u00f6nisheide auf: Wikipedia \"T\u00f6nisheide\" Links zu anderen T\u00f6nisheider Vereinen und Institutionen Lesezeichen \u00a0","rel":"","context":"\u00c4hnlicher Beitrag","block_context":{"text":"\u00c4hnlicher Beitrag","link":""},"img":{"alt_text":"","src":"","width":0,"height":0},"classes":[]},{"id":11,"url":"https:\/\/bv-toenisheide.de\/BVToenisheide\/Start.html\/startseite\/","url_meta":{"origin":940,"position":3},"title":"B\u00fcrgerverein T\u00f6nisheide 1907 e.V.","author":"bvadmin63","date":"Januar 5, 2019","format":false,"excerpt":"Hier finden Sie aktuelle Termine, Berichte von Veranstaltungen,\u00a0Fotos aus T\u00f6nisheide und Beitr\u00e4ge zur T\u00f6nisheider Geschichte. Diese Webseiten werden zur Zeit aktualisiert und an ein neues Format angepasst. In den kommenden Wochen werden regelm\u00e4ssig neue Inhalte zu finden sein. Vielen Dank f\u00fcr Ihre Geduld, besuchen Sie uns bald wieder :).","rel":"","context":"\u00c4hnlicher Beitrag","block_context":{"text":"\u00c4hnlicher Beitrag","link":""},"img":{"alt_text":"","src":"","width":0,"height":0},"classes":[]},{"id":1225,"url":"https:\/\/bv-toenisheide.de\/BVToenisheide\/Start.html\/vorstandsaemter-im-buergerverein\/","url_meta":{"origin":940,"position":4},"title":"Vorstands\u00e4mter im B\u00fcrgerverein","author":"bvadmin63","date":"Februar 8, 2025","format":false,"excerpt":"T\u00e4tigkeitsbeschreibung der Vorstandsmitglieder des B\u00fcrgervereins T\u00f6nisheide 1907 e.V. Auszug aus der aktuellen BV-Vereinssatzung (2017): \u00a7 7 Der Vorstand\u00a0 Der Vorstand besteht aus dem Vorsitzenden und mindestens 7, h\u00f6chstens aber 15 von der Versammlung mit Stimmenmehrheit gew\u00e4hlten Personen. Er vertritt den Verein gerichtlich und au\u00dfergerichtlich. Je 2 Vorstandsmitglieder sind gemeinsam vertretungsberechtigt.\u00a0\u2026","rel":"","context":"\u00c4hnlicher Beitrag","block_context":{"text":"\u00c4hnlicher Beitrag","link":""},"img":{"alt_text":"","src":"","width":0,"height":0},"classes":[]},{"id":20,"url":"https:\/\/bv-toenisheide.de\/BVToenisheide\/Start.html\/datenschutzerklaerung\/","url_meta":{"origin":940,"position":5},"title":"Datenschutzerkl\u00e4rung","author":"bvadmin63","date":"Januar 5, 2019","format":false,"excerpt":"Die Adresse unserer Website ist: http:\/\/bv-toenisheide.de Datenschutzerkl\u00e4rung Diese Datenschutzerkl\u00e4rung kl\u00e4rt Sie \u00fcber die Art, den Umfang und Zweck der Verarbeitung von personenbezogenen Daten (nachfolgend kurz \u201eDaten\u201c) innerhalb unseres Onlineangebotes und der mit ihm verbundenen Webseiten, Funktionen und Inhalte sowie externen Onlinepr\u00e4senzen, wie z.B. unser Social Media Profile auf. (nachfolgend gemeinsam\u2026","rel":"","context":"\u00c4hnlicher Beitrag","block_context":{"text":"\u00c4hnlicher Beitrag","link":""},"img":{"alt_text":"","src":"","width":0,"height":0},"classes":[]}],"_links":{"self":[{"href":"https:\/\/bv-toenisheide.de\/BVToenisheide\/Start.html\/wp-json\/wp\/v2\/pages\/940","targetHints":{"allow":["GET"]}}],"collection":[{"href":"https:\/\/bv-toenisheide.de\/BVToenisheide\/Start.html\/wp-json\/wp\/v2\/pages"}],"about":[{"href":"https:\/\/bv-toenisheide.de\/BVToenisheide\/Start.html\/wp-json\/wp\/v2\/types\/page"}],"author":[{"embeddable":true,"href":"https:\/\/bv-toenisheide.de\/BVToenisheide\/Start.html\/wp-json\/wp\/v2\/users\/1"}],"replies":[{"embeddable":true,"href":"https:\/\/bv-toenisheide.de\/BVToenisheide\/Start.html\/wp-json\/wp\/v2\/comments?post=940"}],"version-history":[{"count":74,"href":"https:\/\/bv-toenisheide.de\/BVToenisheide\/Start.html\/wp-json\/wp\/v2\/pages\/940\/revisions"}],"predecessor-version":[{"id":1650,"href":"https:\/\/bv-toenisheide.de\/BVToenisheide\/Start.html\/wp-json\/wp\/v2\/pages\/940\/revisions\/1650"}],"wp:attachment":[{"href":"https:\/\/bv-toenisheide.de\/BVToenisheide\/Start.html\/wp-json\/wp\/v2\/media?parent=940"}],"curies":[{"name":"wp","href":"https:\/\/api.w.org\/{rel}","templated":true}]}}